{"id":21726,"date":"2018-07-05T10:54:20","date_gmt":"2018-07-05T08:54:20","guid":{"rendered":"https:\/\/www.ski-tour-guide.com\/mont-blanc-4810-m-ascension-a-ski-2-ou-3-jours\/"},"modified":"2023-09-25T11:38:45","modified_gmt":"2023-09-25T09:38:45","slug":"mont-blanc-4810-m-ski-ascent-in-2-or-3-days","status":"publish","type":"page","link":"https:\/\/www.ski-tour-guide.com\/en\/mont-blanc-alpinisme-savoie-mountain-guide\/mont-blanc-4810-m-ski-ascent-in-2-or-3-days\/","title":{"rendered":"MONT-BLANC 4810 m ski ascent in 2 or 3 days"},"content":{"rendered":"<div  class=\"one withsmallpadding ppb_text\" style=\"padding:30px 0 30px 0;\" >\n<div class=\"standard_wrapper\">\n<div class=\"page_content_wrapper\">\n<div class=\"inner\">\n<div style=\"margin:auto;width:100%\">\n<p style=\"text-align: center;\"><strong>Everyone dreams of it, because it is the roof of WESTERN Europe. (The highest summit in EUROPE seems to be, despite the controversy over \u00ab\u00a0where does geographical Europe end, where does the waters divide\u00a0\u00bb, the ELBRUS \/ Elbrus 5642 m, of which we are the N 1 European specialist and which we have been climbing or skiing every year with our students, for 23 years&#8230;).<\/strong><\/p>\n<p style=\"text-align: center;\">This magical summit of Mont Blanc, at 4810 m, is within the reach of trained and prepared mountaineers. Don&rsquo;t think of the Mont Blanc as just a challenge, and certainly not as an end in itself: we want you to love altitude and the high mountains, and to climb Mont Blanc as a gateway to the wonderful world of altitude and the world of Samivel!<\/p>\n<p style=\"text-align: center;\">Prefer an ASCENSION of Mont Blanc over 3 days, to be better prepared for altitude and cramponing.<\/p>\n<h6 style=\"text-align: center;\"><a href=\"#inscription\">Registration<\/a><\/h6>\n<\/div>\n<\/div>\n<\/div>\n<\/div>\n<\/div>\n<div  class=\"one withsmallpadding ppb_text\" style=\"padding:30px 0 30px 0;\" >\n<div class=\"standard_wrapper\">\n<div class=\"page_content_wrapper\">\n<div class=\"inner\">\n<div style=\"margin:auto;width:100%\">\n<p style=\"text-align: center;\"><strong>Everyone dreams of it, because it is the roof of WESTERN Europe. (The highest summit in EUROPE seems to be, despite the controversy over \u00ab\u00a0where does geographical Europe end, where does the waters divide\u00a0\u00bb, the ELBRUS \/ Elbrus 5642 m, of which we are the N 1 European specialist and which we have been climbing or skiing every year with our students, for 23 years&#8230;).<\/strong><\/p>\n<p style=\"text-align: center;\">This magical summit of Mont Blanc, at 4810 m, is within the reach of trained and prepared mountaineers. Don&rsquo;t think of the Mont Blanc as just a challenge, and certainly not as an end in itself: we want you to love altitude and the high mountains, and to climb Mont Blanc as a gateway to the wonderful world of altitude and the world of Samivel!<\/p>\n<p style=\"text-align: center;\">Prefer an ASCENSION of Mont Blanc over 3 days, to be better prepared for altitude and cramponing.<\/p>\n<h6 style=\"text-align: center;\"><a href=\"#inscription\">Registration<\/a><\/h6>\n<\/div>\n<\/div>\n<\/div>\n<\/div>\n<\/div>\n<div  class=\"one withsmallpadding ppb_text\" style=\"padding:30px 0 30px 0;\" >\n<div class=\"standard_wrapper\">\n<div class=\"page_content_wrapper\">\n<div class=\"inner\">\n<div style=\"margin:auto;width:100%\">\n<h3><img decoding=\"async\" loading=\"lazy\" class=\"wp-image-16366 aligncenter\" src=\"https:\/\/www.ski-tour-guide.com\/wp-content\/uploads\/2017\/10\/settings.png\" alt=\"\" width=\"50\" height=\"50\" srcset=\"https:\/\/www.ski-tour-guide.com\/wp-content\/uploads\/2017\/10\/settings.png 128w, https:\/\/www.ski-tour-guide.com\/wp-content\/uploads\/2017\/10\/settings-109x109.png 109w, https:\/\/www.ski-tour-guide.com\/wp-content\/uploads\/2017\/10\/settings-100x100.png 100w\" sizes=\"(max-width: 50px) 100vw, 50px\" \/><\/h3>\n<h3 style=\"text-align: center;\">Level<\/h3>\n<p style=\"text-align: center;\">No level required, but a high level of fitness\/endurance is necessary.<\/p>\n<p style=\"text-align: center;\">However, a little mountaineering or glacier trekking experience is recommended!<\/p>\n<\/div>\n<\/div>\n<\/div>\n<\/div>\n<\/div>\n<div  class=\"one withsmallpadding ppb_text\" style=\"padding:30px 0 30px 0;\" >\n<div class=\"standard_wrapper\">\n<div class=\"page_content_wrapper\">\n<div class=\"inner\">\n<div style=\"margin:auto;width:100%\">\n<h3><img decoding=\"async\" loading=\"lazy\" class=\"wp-image-16602 aligncenter\" src=\"https:\/\/www.ski-tour-guide.com\/wp-content\/uploads\/2017\/10\/share2.png\" alt=\"\" width=\"50\" height=\"50\" srcset=\"https:\/\/www.ski-tour-guide.com\/wp-content\/uploads\/2017\/10\/share2.png 128w, https:\/\/www.ski-tour-guide.com\/wp-content\/uploads\/2017\/10\/share2-109x109.png 109w, https:\/\/www.ski-tour-guide.com\/wp-content\/uploads\/2017\/10\/share2-100x100.png 100w\" sizes=\"(max-width: 50px) 100vw, 50px\" \/><\/h3>\n<h3 style=\"text-align: center;\"><span style=\"color: #ffffff;\">Group<\/span><\/h3>\n<p style=\"text-align: center;\">1 to 2 participants per UIAGM guide<\/p>\n<\/div>\n<\/div>\n<\/div>\n<\/div>\n<\/div>\n<div  class=\"one withsmallpadding ppb_text\" style=\"padding:30px 0 30px 0;\" >\n<div class=\"standard_wrapper\">\n<div class=\"page_content_wrapper\">\n<div class=\"inner\">\n<div style=\"margin:auto;width:100%\">\n<h3><img decoding=\"async\" loading=\"lazy\" class=\"alignnone wp-image-16368 aligncenter\" src=\"https:\/\/www.ski-tour-guide.com\/wp-content\/uploads\/2017\/10\/timer.png\" alt=\"\" width=\"50\" height=\"50\" srcset=\"https:\/\/www.ski-tour-guide.com\/wp-content\/uploads\/2017\/10\/timer.png 128w, https:\/\/www.ski-tour-guide.com\/wp-content\/uploads\/2017\/10\/timer-109x109.png 109w, https:\/\/www.ski-tour-guide.com\/wp-content\/uploads\/2017\/10\/timer-100x100.png 100w\" sizes=\"(max-width: 50px) 100vw, 50px\" \/><\/h3>\n<h3 style=\"text-align: center;\">Duration<\/h3>\n<p style=\"text-align: center;\">two to three days, on reservation<\/p>\n<p style=\"text-align: center;\">\/ OR: weekend \/<\/p>\n<\/div>\n<\/div>\n<\/div>\n<\/div>\n<\/div>\n<div  class=\"one withsmallpadding ppb_text\" style=\"padding:30px 0 30px 0;\" >\n<div class=\"standard_wrapper\">\n<div class=\"page_content_wrapper\">\n<div class=\"inner\">\n<div style=\"margin:auto;width:100%\">\n<h3><img decoding=\"async\" loading=\"lazy\" class=\"wp-image-16414 aligncenter\" src=\"https:\/\/www.ski-tour-guide.com\/wp-content\/uploads\/2017\/10\/profile2.png\" alt=\"\" width=\"50\" height=\"50\" srcset=\"https:\/\/www.ski-tour-guide.com\/wp-content\/uploads\/2017\/10\/profile2.png 128w, https:\/\/www.ski-tour-guide.com\/wp-content\/uploads\/2017\/10\/profile2-109x109.png 109w, https:\/\/www.ski-tour-guide.com\/wp-content\/uploads\/2017\/10\/profile2-100x100.png 100w\" sizes=\"(max-width: 50px) 100vw, 50px\" \/><\/h3>\n<h3 style=\"text-align: center;\"><span style=\"color: #ffffff;\">Guided by<\/span><\/h3>\n<p style=\"text-align: center;\">UIAGM mountain guide.<\/p>\n<p style=\"text-align: center;\">All our raids and most of our courses are supervised by Savoie-Mont Blanc UIAGM mountain guides.<\/p>\n<\/div>\n<\/div>\n<\/div>\n<\/div>\n<\/div>\n<div  class=\"one withsmallpadding ppb_text\" style=\"padding:30px 0 30px 0;\" >\n<div class=\"standard_wrapper\">\n<div class=\"page_content_wrapper\">\n<div class=\"inner\">\n<div style=\"margin:auto;width:100%\">\n<h3><img decoding=\"async\" loading=\"lazy\" class=\"alignnone wp-image-16363 aligncenter\" src=\"https:\/\/www.ski-tour-guide.com\/wp-content\/uploads\/2017\/10\/info.png\" alt=\"\" width=\"50\" height=\"50\" srcset=\"https:\/\/www.ski-tour-guide.com\/wp-content\/uploads\/2017\/10\/info.png 128w, https:\/\/www.ski-tour-guide.com\/wp-content\/uploads\/2017\/10\/info-109x109.png 109w, https:\/\/www.ski-tour-guide.com\/wp-content\/uploads\/2017\/10\/info-100x100.png 100w\" sizes=\"(max-width: 50px) 100vw, 50px\" \/><\/h3>\n<h3 style=\"text-align: center;\">Period<\/h3>\n<p style=\"text-align: center;\">from early JUNE (end of May) to early October<\/p>\n<\/div>\n<\/div>\n<\/div>\n<\/div>\n<\/div>\n<div  class=\"one withsmallpadding ppb_text\" style=\"padding:30px 0 30px 0;\" >\n<div class=\"standard_wrapper\">\n<div class=\"page_content_wrapper\">\n<div class=\"inner\">\n<div style=\"margin:auto;width:100%\">\n<h3><img decoding=\"async\" loading=\"lazy\" class=\"alignnone wp-image-16362 aligncenter\" src=\"https:\/\/www.ski-tour-guide.com\/wp-content\/uploads\/2017\/10\/favorite2.png\" alt=\"\" width=\"50\" height=\"50\" \/><\/h3>\n<h3 style=\"text-align: center;\"><span style=\"color: #ffffff;\">Price<\/span><\/h3>\n<p style=\"text-align: center;\"><strong>MONT BLANC IN 3 DAYS<\/strong><br \/>\nPreparation Cramponing school and ascent<br \/>\nthe 3 (or 4) day package is highly recommended<\/p>\n<p style=\"text-align: center;\">All-inclusive for 3 days :<br \/>\n1980\u20ac for a single participant<br \/>\nOR 2440\u20ac (1150\u20ac per\/person).<\/p>\n<p style=\"text-align: center;\">For 3 days \/ 2 nights; this price includes :<br \/>\n&#8211; Loan of specific footwear and equipment,<br \/>\n&#8211; 2 nights&rsquo; half-board accommodation at the T\u00eate rousse hut or 2nd night at the Go\u00fbter hut, subject to availability,<br \/>\n&#8211; supervision by a UIAGM mountain guide<br \/>\n&#8211; GOUTER TMB ski lift.<\/p>\n<p style=\"text-align: center;\">This price does not include bottled water or drinks.<br \/>\nIf you wish to spend the 2 nights at the Go\u00fbter refuge, you will be asked to pay a supplement of 90\u20ac per person.<\/p>\n<p style=\"text-align: center;\"><strong>MONT BLANC IN 2 DAYS<\/strong><\/p>\n<p style=\"text-align: center;\">All-inclusive for 2 days :<br \/>\n1590\u20ac for a single participant<br \/>\nOR 1940\u20ac (970\u20ac per\/person).<\/p>\n<p style=\"text-align: center;\">For 2 days \/ 1 night; this price includes :<br \/>\n&#8211; Loan of boots and special equipment if required,<br \/>\n&#8211; 1 night&rsquo;s half-board accommodation at the T\u00eate rousse or Go\u00fbter huts, subject to availability.<br \/>\n&#8211; supervision by a UIAGM mountain guide<br \/>\n&#8211; GOUTER TMB ski lifts<\/p>\n<p style=\"text-align: center;\">This price does not include bottled water or drinks.<\/p>\n<p style=\"text-align: center;\">We will accept you on this package ONLY if you have already practised cramponing and high-mountain climbing for at least 2 days beforehand.<\/p>\n<p style=\"text-align: center;\">Or: private, Mont Blanc sec (you book the refuges) 1080 to 1140\u20ac for 1 or 2 participants (1140\u20ac for two participants). You&rsquo;ll also need to cover the cost of the huts and lifts for you and your guide.<\/p>\n<p style=\"text-align: center;\"><strong>SUMMER \u00ab\u00a0DAY\/WEEK\u00a0\u00bb COMMITMENT<\/strong><\/p>\n<p style=\"text-align: center;\">High-mountain guide: PRICE OF A DAY&rsquo;S GUIDE HIRE = in summer a minimum of \u20ac380 per day (basic introductory day); cost to be divided between participants; in winter, from \u20ac440 (or \u20ac410 for 1 participant).<\/p>\n<p style=\"text-align: center;\">AEM mountain leader = from 230 to 260 euros \/ day, to be divided between participants<\/p>\n<\/div>\n<\/div>\n<\/div>\n<\/div>\n<\/div>\n<div  class=\"one withsmallpadding ppb_text\" style=\"padding:30px 0 30px 0;\" >\n<div class=\"standard_wrapper\">\n<div class=\"page_content_wrapper\">\n<div class=\"inner\">\n<div style=\"margin:auto;width:100%\">\n<h3 id=\"inscription\"><img decoding=\"async\" loading=\"lazy\" class=\"wp-image-16420 aligncenter\" src=\"https:\/\/www.ski-tour-guide.com\/wp-content\/uploads\/2017\/10\/shopping-cart.png\" alt=\"\" width=\"50\" height=\"50\" srcset=\"https:\/\/www.ski-tour-guide.com\/wp-content\/uploads\/2017\/10\/shopping-cart.png 128w, https:\/\/www.ski-tour-guide.com\/wp-content\/uploads\/2017\/10\/shopping-cart-109x109.png 109w, https:\/\/www.ski-tour-guide.com\/wp-content\/uploads\/2017\/10\/shopping-cart-100x100.png 100w\" sizes=\"(max-width: 50px) 100vw, 50px\" \/><\/h3>\n<h3 style=\"text-align: center;\">Reservation request<\/h3>\n<p style=\"text-align: center;\">\n<div class=\"wpcf7 no-js\" id=\"wpcf7-f16422-o2\" lang=\"fr-FR\" dir=\"ltr\">\n<div class=\"screen-reader-response\">\n<p role=\"status\" aria-live=\"polite\" aria-atomic=\"true\">\n<ul><\/ul>\n<\/div>\n<form action=\"\/wp-admin\/post.php#wpcf7-f16422-o2\" method=\"post\" class=\"wpcf7-form init\" aria-label=\"Formulaire de contact\" novalidate=\"novalidate\" data-status=\"init\">\n<div style=\"display: none;\">\n<input type=\"hidden\" name=\"_wpcf7\" value=\"16422\" \/><br \/>\n<input type=\"hidden\" name=\"_wpcf7_version\" value=\"5.7.7\" \/><br \/>\n<input type=\"hidden\" name=\"_wpcf7_locale\" value=\"fr_FR\" \/><br \/>\n<input type=\"hidden\" name=\"_wpcf7_unit_tag\" value=\"wpcf7-f16422-o2\" \/><br \/>\n<input type=\"hidden\" name=\"_wpcf7_container_post\" value=\"0\" \/><br \/>\n<input type=\"hidden\" name=\"_wpcf7_posted_data_hash\" value=\"\" \/>\n<\/div>\n<p><!-- CF7 Modules --><\/p>\n<div style='display:none;'><input type=\"hidden\" class=\"wpcf7-form-control wpcf7-hidden\" name=\"title\" placeholder=\"\" value=\"MONT-BLANC 4810 m ski ascent in 2 or 3 days\" \/><input type=\"hidden\" class=\"wpcf7-form-control wpcf7-hidden\" name=\"url\" placeholder=\"\" value=\"https:\/\/www.ski-tour-guide.com\/en\/mont-blanc-4810-m-ski-ascent-in-2-or-3-days\/\" \/>\n<\/div>\n<p><!-- End CF7 Modules --><\/p>\n<p style=\"text-align: center;\">Vous souhaitez faire une demande de r\u00e9servation pour ce produit\n<\/p>\n<p><label> Votre nom*<br \/>\n<span class=\"wpcf7-form-control-wrap\" data-name=\"your-name\"><input size=\"40\" class=\"wpcf7-form-control wpcf7-text wpcf7-validates-as-required\" aria-required=\"true\" aria-invalid=\"false\" value=\"\" type=\"text\" name=\"your-name\" \/><\/span> <\/label>\n<\/p>\n<p><label> Votre e-mail*<br \/>\n<span class=\"wpcf7-form-control-wrap\" data-name=\"your-email\"><input size=\"40\" class=\"wpcf7-form-control wpcf7-text wpcf7-email wpcf7-validates-as-required wpcf7-validates-as-email\" aria-required=\"true\" aria-invalid=\"false\" value=\"\" type=\"email\" name=\"your-email\" \/><\/span> <\/label>\n<\/p>\n<p><label> Votre num\u00e9ro de t\u00e9l\u00e9phone*<br \/>\n<span class=\"wpcf7-form-control-wrap\" data-name=\"your-tel\"><input size=\"40\" class=\"wpcf7-form-control wpcf7-text wpcf7-tel wpcf7-validates-as-required wpcf7-validates-as-tel\" aria-required=\"true\" aria-invalid=\"false\" value=\"\" type=\"tel\" name=\"your-tel\" \/><\/span> <\/label>\n<\/p>\n<p><label> Votre message<br \/>\n<span class=\"wpcf7-form-control-wrap\" data-name=\"your-message\"><textarea cols=\"40\" rows=\"10\" class=\"wpcf7-form-control wpcf7-textarea\" aria-invalid=\"false\" name=\"your-message\"><\/textarea><\/span> <\/label>\n<\/p>\n<p><input class=\"wpcf7-form-control has-spinner wpcf7-submit\" type=\"submit\" value=\"Envoyer\" \/>\n<\/p>\n<div class=\"wpcf7-response-output\" aria-hidden=\"true\"><\/div>\n<\/form>\n<\/div>\n<\/div>\n<\/div>\n<\/div>\n<\/div>\n<\/div>\n","protected":false},"excerpt":{"rendered":"<p>Everyone dreams of it, because it is the roof of WESTERN Europe. (The highest summit in EUROPE seems to be, despite the controversy over \u00ab\u00a0where does geographical Europe end, where does the waters divide\u00a0\u00bb, the ELBRUS \/ Elbrus 5642 m, [&hellip;]<\/p>\n","protected":false},"author":3,"featured_media":0,"parent":19832,"menu_order":0,"comment_status":"closed","ping_status":"closed","template":"","meta":[],"_links":{"self":[{"href":"https:\/\/www.ski-tour-guide.com\/en\/wp-json\/wp\/v2\/pages\/21726"}],"collection":[{"href":"https:\/\/www.ski-tour-guide.com\/en\/wp-json\/wp\/v2\/pages"}],"about":[{"href":"https:\/\/www.ski-tour-guide.com\/en\/wp-json\/wp\/v2\/types\/page"}],"author":[{"embeddable":true,"href":"https:\/\/www.ski-tour-guide.com\/en\/wp-json\/wp\/v2\/users\/3"}],"replies":[{"embeddable":true,"href":"https:\/\/www.ski-tour-guide.com\/en\/wp-json\/wp\/v2\/comments?post=21726"}],"version-history":[{"count":9,"href":"https:\/\/www.ski-tour-guide.com\/en\/wp-json\/wp\/v2\/pages\/21726\/revisions"}],"predecessor-version":[{"id":21735,"href":"https:\/\/www.ski-tour-guide.com\/en\/wp-json\/wp\/v2\/pages\/21726\/revisions\/21735"}],"up":[{"embeddable":true,"href":"https:\/\/www.ski-tour-guide.com\/en\/wp-json\/wp\/v2\/pages\/19832"}],"wp:attachment":[{"href":"https:\/\/www.ski-tour-guide.com\/en\/wp-json\/wp\/v2\/media?parent=21726"}],"curies":[{"name":"wp","href":"https:\/\/api.w.org\/{rel}","templated":true}]}}