{"id":21120,"date":"2020-10-13T14:00:02","date_gmt":"2020-10-13T12:00:02","guid":{"rendered":"https:\/\/www.ski-tour-guide.com\/guide-val-thorens-sortie-hors-piste-randonnee-raquettes-en-montagne\/"},"modified":"2020-11-30T13:20:40","modified_gmt":"2020-11-30T12:20:40","slug":"mountain-guide-in-val-thorens-off-piste-freeride-ski-touring-backcountry-skiing-snowshoeing","status":"publish","type":"page","link":"https:\/\/www.ski-tour-guide.com\/en\/mountain-guide-in-val-thorens-off-piste-freeride-ski-touring-backcountry-skiing-snowshoeing\/","title":{"rendered":"Mountain guide in Val Thorens off-piste, freeride, ski-touring, backcountry skiing, snowshoeing"},"content":{"rendered":"<p><img decoding=\"async\" loading=\"lazy\" class=\"wp-image-20890 aligncenter\" src=\"https:\/\/www.ski-tour-guide.com\/wp-content\/uploads\/2020\/10\/logo-val-thorens.jpg\" alt=\"\" width=\"300\" height=\"70\" \/><\/p>\n<div style=\"margin-top: 10px;\"><\/div>\n<p style=\"text-align: center;\">Off-piste skiing and Freeride, ski-touring, snowshoeing, ice climbing or mountaineering (walks with crampons), our IFMGA UIAGM mountain guides of Les M\u00e9nuires, or our certified alpine and cross country ski instructors and trekking guides will make you discover wild and protected great spots of 3 Vall\u00e9es, starting from Saint-Jean de Belleville, Saint-Martin de Belleville, les M\u00e9nuires et Val Thorens.<\/p>\n<div style=\"margin-top: 10px;\"><\/div>\n<div class=\"one_third \" style=\"\">\n<div class=\"stationBlocs\">\n<h3 style=\"text-align: center;\">Off-piste day in Val Thorens &#8211; 3 Vall\u00e9es<\/h3>\n<p style=\"text-align: center;\"><a href=\"https:\/\/www.ski-tour-guide.com\/en\/off-piste-skiing-freeride-val-thorens-3-vallees-mountain-guide\/\"><img decoding=\"async\" loading=\"lazy\" class=\"alignnone wp-image-16814 size-full\" src=\"https:\/\/www.ski-tour-guide.com\/wp-content\/uploads\/2017\/10\/hors-piste-valthorens-1-maison-des-guides-et-de-la-montagne-ski-tour-safari-3-vallees-val-thorens.jpg\" alt=\"\" width=\"1200\" height=\"676\" srcset=\"https:\/\/www.ski-tour-guide.com\/wp-content\/uploads\/2017\/10\/hors-piste-valthorens-1-maison-des-guides-et-de-la-montagne-ski-tour-safari-3-vallees-val-thorens.jpg 1200w, https:\/\/www.ski-tour-guide.com\/wp-content\/uploads\/2017\/10\/hors-piste-valthorens-1-maison-des-guides-et-de-la-montagne-ski-tour-safari-3-vallees-val-thorens-300x169.jpg 300w, https:\/\/www.ski-tour-guide.com\/wp-content\/uploads\/2017\/10\/hors-piste-valthorens-1-maison-des-guides-et-de-la-montagne-ski-tour-safari-3-vallees-val-thorens-768x433.jpg 768w, https:\/\/www.ski-tour-guide.com\/wp-content\/uploads\/2017\/10\/hors-piste-valthorens-1-maison-des-guides-et-de-la-montagne-ski-tour-safari-3-vallees-val-thorens-1024x577.jpg 1024w, https:\/\/www.ski-tour-guide.com\/wp-content\/uploads\/2017\/10\/hors-piste-valthorens-1-maison-des-guides-et-de-la-montagne-ski-tour-safari-3-vallees-val-thorens-705x397.jpg 705w\" sizes=\"(max-width: 1200px) 100vw, 1200px\" \/><\/a><\/p>\n<p style=\"text-align: center;\">Enjoy with us the powder and off-piste slopes of 3 Valleys and Val Thorens, off the beaten tracks as our IFMGA Mountain Guides are specialists and know all the hidden bowls and valleys! [&#8230;]<\/p>\n<h5 style=\"text-align: center;\"><a href=\"https:\/\/www.ski-tour-guide.com\/en\/off-piste-skiing-freeride-val-thorens-3-vallees-mountain-guide\/\">Learn more<\/a><\/h5>\n<\/div>\n<\/div>\n<div class=\"one_third \" style=\"\">\n<div class=\"stationBlocs\">\n<h3 style=\"text-align: center;\">Free touring Val Thorens &#8211; Off-piste ski day 3 Vall\u00e9es<\/h3>\n<p style=\"text-align: center;\"><a href=\"https:\/\/www.ski-tour-guide.com\/en\/free-touring-val-thorens-ski-off-piste-guide-3-vallees-freeride\/\"><img decoding=\"async\" loading=\"lazy\" class=\"alignnone wp-image-19244 size-full\" src=\"https:\/\/www.ski-tour-guide.com\/wp-content\/uploads\/2018\/12\/hors-piste-1-val-thorens-tignes-val-d-isere-maison-des-guides-et-de-la-montagne-ski-tour-safari-3-vallees.jpg\" alt=\"\" width=\"1200\" height=\"676\" srcset=\"https:\/\/www.ski-tour-guide.com\/wp-content\/uploads\/2018\/12\/hors-piste-1-val-thorens-tignes-val-d-isere-maison-des-guides-et-de-la-montagne-ski-tour-safari-3-vallees.jpg 1200w, https:\/\/www.ski-tour-guide.com\/wp-content\/uploads\/2018\/12\/hors-piste-1-val-thorens-tignes-val-d-isere-maison-des-guides-et-de-la-montagne-ski-tour-safari-3-vallees-300x169.jpg 300w, https:\/\/www.ski-tour-guide.com\/wp-content\/uploads\/2018\/12\/hors-piste-1-val-thorens-tignes-val-d-isere-maison-des-guides-et-de-la-montagne-ski-tour-safari-3-vallees-768x433.jpg 768w, https:\/\/www.ski-tour-guide.com\/wp-content\/uploads\/2018\/12\/hors-piste-1-val-thorens-tignes-val-d-isere-maison-des-guides-et-de-la-montagne-ski-tour-safari-3-vallees-1024x577.jpg 1024w, https:\/\/www.ski-tour-guide.com\/wp-content\/uploads\/2018\/12\/hors-piste-1-val-thorens-tignes-val-d-isere-maison-des-guides-et-de-la-montagne-ski-tour-safari-3-vallees-705x397.jpg 705w\" sizes=\"(max-width: 1200px) 100vw, 1200px\" \/><\/a><\/p>\n<p style=\"text-align: center;\">From the top of the ski lifts of Val Thorens, a few minutes skinning up will take us off the beaten tracks. You dream with discovering wild and quiet nature places and the National Park La Vanoise [&#8230;]<\/p>\n<h5 style=\"text-align: center;\"><a href=\"https:\/\/www.ski-tour-guide.com\/en\/free-touring-val-thorens-ski-off-piste-guide-3-vallees-freeride\/\">Learn more<\/a><\/h5>\n<\/div>\n<\/div>\n<div class=\"one_third last \" style=\"\">\n<div class=\"stationBlocs\">\n<h3 style=\"text-align: center;\">ENJOY FREE-RIDE : 5 OFF-PISTE MORNINGS<\/h3>\n<p style=\"text-align: center;\"><a href=\"https:\/\/www.ski-tour-guide.com\/en\/4-or-5-day-off-piste-course-mornings-val-thorens-or-in-3-vallees\/\"><img decoding=\"async\" loading=\"lazy\" class=\"alignnone size-full wp-image-17065\" src=\"https:\/\/www.ski-tour-guide.com\/wp-content\/uploads\/2017\/11\/randonee-nocturne-7-maison-des-guides-et-de-la-montagne-ski-tour-safari-3-vallees-val-thorens.jpg\" alt=\"\" width=\"1200\" height=\"676\" \/><\/a><\/p>\n<p style=\"text-align: center;\">Learn to ski off-piste in Les M\u00e9nuires-St Martin or M\u00e9ribel or Val Thorens, discover backcountry ski or off-piste skiing, or learn more and improve your skiing level with us! We adapt our teaching to your level [&#8230;]<\/p>\n<h5 style=\"text-align: center;\"><a href=\"https:\/\/www.ski-tour-guide.com\/en\/4-or-5-day-off-piste-course-mornings-val-thorens-or-in-3-vallees\/\">Learn more<\/a><\/h5>\n<\/div>\n<\/div>\n<p><br class=\"clear\"\/><\/p>\n<p style=\"text-align: center;\">Lots of different hikes, in ski-touring, snowshoeing, cross-country skiing or just hiking, are possible from Val Thorens without the ski lifts, completely outdoor and without going through closed places with people.<\/p>\n<div style=\"margin-top: 10px;\"><\/div>\n<div class=\"one_third \" style=\"\">\n<div class=\"stationBlocs\">\n<h3 style=\"text-align: center;\">Ski-touring day Val Thorens, introduction to expert<\/h3>\n<p style=\"text-align: center;\"><a href=\"https:\/\/www.ski-tour-guide.com\/en\/ski-touring-backcountry-freeride-val-thorens-guide-3-vallees\/\"><img decoding=\"async\" loading=\"lazy\" class=\"alignnone wp-image-16850 size-full\" src=\"https:\/\/www.ski-tour-guide.com\/wp-content\/uploads\/2017\/10\/initiation-randonnee-5-maison-des-guides-et-de-la-montagne-ski-tour-safari-3-vallees-val-thorens.jpg\" alt=\"\" width=\"1200\" height=\"676\" srcset=\"https:\/\/www.ski-tour-guide.com\/wp-content\/uploads\/2017\/10\/initiation-randonnee-5-maison-des-guides-et-de-la-montagne-ski-tour-safari-3-vallees-val-thorens.jpg 1200w, https:\/\/www.ski-tour-guide.com\/wp-content\/uploads\/2017\/10\/initiation-randonnee-5-maison-des-guides-et-de-la-montagne-ski-tour-safari-3-vallees-val-thorens-300x169.jpg 300w, https:\/\/www.ski-tour-guide.com\/wp-content\/uploads\/2017\/10\/initiation-randonnee-5-maison-des-guides-et-de-la-montagne-ski-tour-safari-3-vallees-val-thorens-768x433.jpg 768w, https:\/\/www.ski-tour-guide.com\/wp-content\/uploads\/2017\/10\/initiation-randonnee-5-maison-des-guides-et-de-la-montagne-ski-tour-safari-3-vallees-val-thorens-1024x577.jpg 1024w, https:\/\/www.ski-tour-guide.com\/wp-content\/uploads\/2017\/10\/initiation-randonnee-5-maison-des-guides-et-de-la-montagne-ski-tour-safari-3-vallees-val-thorens-705x397.jpg 705w\" sizes=\"(max-width: 1200px) 100vw, 1200px\" \/><\/a><\/p>\n<p style=\"text-align: center;\">Come and discover ski-touring and freeride with a mountain guide, we will make you improve you technique and ski the wildest bowls and valleys in the 3 Vall\u00e9es, starting from Val Thorens, les M\u00e9nuires, Saint-Martin de Belleville [&#8230;]<\/p>\n<h5 style=\"text-align: center;\"><a href=\"https:\/\/www.ski-tour-guide.com\/en\/ski-touring-backcountry-freeride-val-thorens-guide-3-vallees\/\">Learn more<\/a><\/h5>\n<\/div>\n<\/div>\n<div class=\"one_third \" style=\"\">\n<div class=\"stationBlocs\">\n<h3 style=\"text-align: center;\">Beyond Val Thorens and Trois Vall\u00e9es, discover backcountry skiing in gorgeous landscapes<\/h3>\n<p style=\"text-align: center;\"><a href=\"https:\/\/www.ski-tour-guide.com\/en\/ski-touring-backcountry-freeride-val-thorens-guiding-3-vallees-powder-snow\/\"><img decoding=\"async\" loading=\"lazy\" class=\"alignnone wp-image-16870 size-full\" src=\"https:\/\/www.ski-tour-guide.com\/wp-content\/uploads\/2017\/10\/randonnee-gebroulaz-3-maison-des-guides-et-de-la-montagne-ski-tour-safari-3-vallees-val-thorens.jpg\" alt=\"\" width=\"1200\" height=\"676\" srcset=\"https:\/\/www.ski-tour-guide.com\/wp-content\/uploads\/2017\/10\/randonnee-gebroulaz-3-maison-des-guides-et-de-la-montagne-ski-tour-safari-3-vallees-val-thorens.jpg 1200w, https:\/\/www.ski-tour-guide.com\/wp-content\/uploads\/2017\/10\/randonnee-gebroulaz-3-maison-des-guides-et-de-la-montagne-ski-tour-safari-3-vallees-val-thorens-300x169.jpg 300w, https:\/\/www.ski-tour-guide.com\/wp-content\/uploads\/2017\/10\/randonnee-gebroulaz-3-maison-des-guides-et-de-la-montagne-ski-tour-safari-3-vallees-val-thorens-768x433.jpg 768w, https:\/\/www.ski-tour-guide.com\/wp-content\/uploads\/2017\/10\/randonnee-gebroulaz-3-maison-des-guides-et-de-la-montagne-ski-tour-safari-3-vallees-val-thorens-1024x577.jpg 1024w, https:\/\/www.ski-tour-guide.com\/wp-content\/uploads\/2017\/10\/randonnee-gebroulaz-3-maison-des-guides-et-de-la-montagne-ski-tour-safari-3-vallees-val-thorens-705x397.jpg 705w\" sizes=\"(max-width: 1200px) 100vw, 1200px\" \/><\/a>Discover the magic landscapes beyond the ski area with a Mountain Guide. Let\u2019s go skinning up and ski-touring into the real wilderness, everywhere you\u2019ll never go with the lifts. We\u2019ll enjoy freeriding [&#8230;]<\/p>\n<h5 style=\"text-align: center;\"><a href=\"https:\/\/www.ski-tour-guide.com\/en\/ski-touring-backcountry-freeride-val-thorens-guiding-3-vallees-powder-snow\/\">Learn more<\/a><\/h5>\n<\/div>\n<\/div>\n<div class=\"one_third last \" style=\"\">\n<div class=\"stationBlocs\">\n<h3 style=\"text-align: center;\">Nocturne \u00e0 Val Thorens<\/h3>\n<p style=\"text-align: center;\"><a href=\"https:\/\/www.ski-tour-guide.com\/initiation-nocturne-au-ski-de-randonnee-a-val-thorens\/\"><img decoding=\"async\" loading=\"lazy\" class=\"alignnone size-full wp-image-16946\" src=\"https:\/\/www.ski-tour-guide.com\/wp-content\/uploads\/2017\/11\/randonee-nocturne-3-maison-des-guides-et-de-la-montagne-ski-tour-safari-3-vallees-val-thorens.jpg\" alt=\"\" width=\"1200\" height=\"676\" srcset=\"https:\/\/www.ski-tour-guide.com\/wp-content\/uploads\/2017\/11\/randonee-nocturne-3-maison-des-guides-et-de-la-montagne-ski-tour-safari-3-vallees-val-thorens.jpg 1200w, https:\/\/www.ski-tour-guide.com\/wp-content\/uploads\/2017\/11\/randonee-nocturne-3-maison-des-guides-et-de-la-montagne-ski-tour-safari-3-vallees-val-thorens-300x169.jpg 300w, https:\/\/www.ski-tour-guide.com\/wp-content\/uploads\/2017\/11\/randonee-nocturne-3-maison-des-guides-et-de-la-montagne-ski-tour-safari-3-vallees-val-thorens-768x433.jpg 768w, https:\/\/www.ski-tour-guide.com\/wp-content\/uploads\/2017\/11\/randonee-nocturne-3-maison-des-guides-et-de-la-montagne-ski-tour-safari-3-vallees-val-thorens-1024x577.jpg 1024w, https:\/\/www.ski-tour-guide.com\/wp-content\/uploads\/2017\/11\/randonee-nocturne-3-maison-des-guides-et-de-la-montagne-ski-tour-safari-3-vallees-val-thorens-705x397.jpg 705w\" sizes=\"(max-width: 1200px) 100vw, 1200px\" \/><\/a><\/p>\n<p style=\"text-align: center;\">G\u00e9broulaz pleine lune : Nous partons en fin d\u2019apr\u00e8s-midi avec les derni\u00e8res remont\u00e9es m\u00e9caniques. Puis nous remontons en ski de rando le glacier de Chavi\u00e8re, et franchissons le col de G\u00e9broulaz\u00a0[&#8230;]<\/p>\n<h5 style=\"text-align: center;\"><a href=\"https:\/\/www.ski-tour-guide.com\/initiation-nocturne-au-ski-de-randonnee-a-val-thorens\/\">En savoir plus<\/a><\/h5>\n<\/div>\n<\/div>\n<p><br class=\"clear\"\/><\/p>\n<p style=\"text-align: center;\">From Val Thorens we will guide you ski-touring (backcountry skiing), off-piste and cross-country skiing or for snowshoeing family hikes on the altitude meadows and discovering the villages.<\/p>\n<p style=\"text-align: center;\">We also offer to make you discover the secret huge snowy bowls of Val Thorens .or broad altitude landscapes like the G\u00e9broulaz Glacier or the steep west face of P\u00e9clet Glacier, 3500 m altitude.<\/p>\n<div style=\"margin-top: 10px;\"><\/div>\n<div class=\"one_third \" style=\"\">\n<\/div>\n<div class=\"one_third \" style=\"\">\n<div class=\"stationBlocs\">\n<h3 style=\"text-align: center;\">Gebroulaz Glacier from Val Thorens, Les Menuires or Saint-Martin de Belleville<\/h3>\n<p style=\"text-align: center;\"><a href=\"https:\/\/www.ski-tour-guide.com\/en\/ski-gebroulaz-glacier-the-vallee-blanche-of-la-vanoise\/\"><img decoding=\"async\" loading=\"lazy\" class=\"alignnone size-full wp-image-16874\" src=\"https:\/\/www.ski-tour-guide.com\/wp-content\/uploads\/2017\/10\/randonnee-gebroulaz-7-maison-des-guides-et-de-la-montagne-ski-tour-safari-3-vallees-val-thorens.jpg\" alt=\"\" width=\"1200\" height=\"676\" srcset=\"https:\/\/www.ski-tour-guide.com\/wp-content\/uploads\/2017\/10\/randonnee-gebroulaz-7-maison-des-guides-et-de-la-montagne-ski-tour-safari-3-vallees-val-thorens.jpg 1200w, https:\/\/www.ski-tour-guide.com\/wp-content\/uploads\/2017\/10\/randonnee-gebroulaz-7-maison-des-guides-et-de-la-montagne-ski-tour-safari-3-vallees-val-thorens-300x169.jpg 300w, https:\/\/www.ski-tour-guide.com\/wp-content\/uploads\/2017\/10\/randonnee-gebroulaz-7-maison-des-guides-et-de-la-montagne-ski-tour-safari-3-vallees-val-thorens-768x433.jpg 768w, https:\/\/www.ski-tour-guide.com\/wp-content\/uploads\/2017\/10\/randonnee-gebroulaz-7-maison-des-guides-et-de-la-montagne-ski-tour-safari-3-vallees-val-thorens-1024x577.jpg 1024w, https:\/\/www.ski-tour-guide.com\/wp-content\/uploads\/2017\/10\/randonnee-gebroulaz-7-maison-des-guides-et-de-la-montagne-ski-tour-safari-3-vallees-val-thorens-705x397.jpg 705w\" sizes=\"(max-width: 1200px) 100vw, 1200px\" \/><\/a><\/p>\n<p style=\"text-align: center;\">Let go with one of our mountain guide skiing the longest vanoise glacier in the heart of the national park, among crevases and seracs. Amazing \u00ab Vall\u00e9e Blanche \u00bb of the Vanoise [&#8230;]<\/p>\n<h5 style=\"text-align: center;\"><a href=\"http:\/\/www.ski-tour-guide.com\/en\/ski-gebroulaz-glacier-the-vallee-blanche-of-la-vanoise\/\">Learn more<\/a><\/h5>\n<\/div>\n<\/div>\n<div class=\"one_third last \" style=\"\">\n<\/div>\n<p><br class=\"clear\"\/><\/p>\n<p style=\"text-align: center;\">From beginners to experts, on your own or with your family, or within friends, our IFMGA UIAGM mountain guides of Val Thorens, or our certified alpine and cross-country ski instructors and IUMLA trekking guides will share with you the best of Val Thorens and 3 Vall\u00e9es. The Maison des guides &amp; de la montagne takes you off-piste skiing and Freeride, ski-touring, snowshoeing, ice climbing or mountaineering from early November to early June even when the lifts are closed!<\/p>\n<p style=\"text-align: center;\">From mid-November come and try ice climbing -even if you are a complete beginner- close to the center of Val Thorens or be introduced to mountaineering! Ice climbing activity is possible withs kids aged 10 years old or more. We will provide you for free the necessary boots, crampons, climbing ice-axes, harness and belay device, helmet,\u2026<\/p>\n<p style=\"text-align: center;\">In a nice and brillant climbing indoor wall close by Val Thorens, you will enjoy climbing as well as our recreational teaching (outdoor from late March to November including). We\u2019ll provide you with the technical gear: rock shoes, harness &amp; devices, helmet). From 4 years old.<\/p>\n<div style=\"margin-top: 10px;\"><\/div>\n<div class=\"one_half \" style=\"\">\n<div class=\"stationBlocs\">\n<h3 style=\"text-align: center;\">Half our full day<\/h3>\n<p style=\"text-align: center;\"><a href=\"https:\/\/www.ski-tour-guide.com\/en\/ice-climbing-half-day-or-full-day\/\"><img decoding=\"async\" loading=\"lazy\" class=\"alignnone size-full wp-image-20619\" src=\"https:\/\/www.ski-tour-guide.com\/wp-content\/uploads\/2019\/09\/cascade-de-glace-8-maison-des-guides-et-de-la-montagne-ski-tour-safari-3-vallees-val-thorens.jpg\" alt=\"\" width=\"1200\" height=\"676\" srcset=\"https:\/\/www.ski-tour-guide.com\/wp-content\/uploads\/2019\/09\/cascade-de-glace-8-maison-des-guides-et-de-la-montagne-ski-tour-safari-3-vallees-val-thorens.jpg 1200w, https:\/\/www.ski-tour-guide.com\/wp-content\/uploads\/2019\/09\/cascade-de-glace-8-maison-des-guides-et-de-la-montagne-ski-tour-safari-3-vallees-val-thorens-300x169.jpg 300w, https:\/\/www.ski-tour-guide.com\/wp-content\/uploads\/2019\/09\/cascade-de-glace-8-maison-des-guides-et-de-la-montagne-ski-tour-safari-3-vallees-val-thorens-768x433.jpg 768w, https:\/\/www.ski-tour-guide.com\/wp-content\/uploads\/2019\/09\/cascade-de-glace-8-maison-des-guides-et-de-la-montagne-ski-tour-safari-3-vallees-val-thorens-1024x577.jpg 1024w, https:\/\/www.ski-tour-guide.com\/wp-content\/uploads\/2019\/09\/cascade-de-glace-8-maison-des-guides-et-de-la-montagne-ski-tour-safari-3-vallees-val-thorens-705x397.jpg 705w\" sizes=\"(max-width: 1200px) 100vw, 1200px\" \/><\/a><\/p>\n<p style=\"text-align: center;\">Put your crampons on, adjust your ice axes and harness, and discover the most beautiful icefalls of Val Thorens at 2400 m altitude, or of Tignes-Val d\u2019Is\u00e8re, during the day time or evening on a lighten\u00a0icefall. We will [&#8230;]<\/p>\n<h5 style=\"text-align: center;\"><a href=\"https:\/\/www.ski-tour-guide.com\/en\/ice-climbing-half-day-or-full-day\/\">Learn more<\/a><\/h5>\n<\/div>\n<\/div>\n<div class=\"one_half last \" style=\"\">\n<div class=\"stationBlocs\">\n<h3 style=\"text-align: center;\">Week-end or week<\/h3>\n<p style=\"text-align: center;\"><a href=\"https:\/\/www.ski-tour-guide.com\/en\/ice-climbing-courses-week-end-or-week\/\"><img decoding=\"async\" loading=\"lazy\" class=\"alignnone size-full wp-image-20623\" src=\"https:\/\/www.ski-tour-guide.com\/wp-content\/uploads\/2019\/09\/cascade-de-glace-10-maison-des-guides-et-de-la-montagne-ski-tour-safari-3-vallees-val-thorens.jpg\" alt=\"\" width=\"1200\" height=\"676\" srcset=\"https:\/\/www.ski-tour-guide.com\/wp-content\/uploads\/2019\/09\/cascade-de-glace-10-maison-des-guides-et-de-la-montagne-ski-tour-safari-3-vallees-val-thorens.jpg 1200w, https:\/\/www.ski-tour-guide.com\/wp-content\/uploads\/2019\/09\/cascade-de-glace-10-maison-des-guides-et-de-la-montagne-ski-tour-safari-3-vallees-val-thorens-300x169.jpg 300w, https:\/\/www.ski-tour-guide.com\/wp-content\/uploads\/2019\/09\/cascade-de-glace-10-maison-des-guides-et-de-la-montagne-ski-tour-safari-3-vallees-val-thorens-768x433.jpg 768w, https:\/\/www.ski-tour-guide.com\/wp-content\/uploads\/2019\/09\/cascade-de-glace-10-maison-des-guides-et-de-la-montagne-ski-tour-safari-3-vallees-val-thorens-1024x577.jpg 1024w, https:\/\/www.ski-tour-guide.com\/wp-content\/uploads\/2019\/09\/cascade-de-glace-10-maison-des-guides-et-de-la-montagne-ski-tour-safari-3-vallees-val-thorens-705x397.jpg 705w\" sizes=\"(max-width: 1200px) 100vw, 1200px\" \/><\/a><\/p>\n<p style=\"text-align: center;\">Come and learn during our weekly courses in Vanoise-Haute Tarentaise (Val THORENS Val d\u2019Is\u00e8re, Peisey-Nancroix), or Maurienne, or in ECRINS mountains of La Grave-Romanche,(Saint Christophe [&#8230;]<\/p>\n<h5 style=\"text-align: center;\"><a href=\"https:\/\/www.ski-tour-guide.com\/en\/ice-climbing-courses-week-end-or-week\/\">Learn more<\/a><\/h5>\n<\/div>\n<\/div>\n<p><br class=\"clear\"\/><\/p>\n<p style=\"text-align: center;\">Call us for more info: <a href=\"tel:+33663815341\">+33 (0)6 63 81 53 41<\/a><\/p>\n<h5 style=\"text-align: center;\"><a href=\"https:\/\/www.ski-tour-guide.com\/contact\/\">Toutes les informations de contact ici<\/a><\/h5>\n<div style=\"margin: 35px 0 35px 0; border-top: 1px solid #dcdcdc;\"><\/div>\n<h3 style=\"text-align: center;\">The starting ski resorts for your mountain outings<\/h3>\n<div style=\"margin-top: 10px;\"><\/div>\n<div class=\"one_third \" style=\"\">\n<a href=\"https:\/\/www.ski-tour-guide.com\/en\/mountain-guide-in-val-thorens-off-piste-freeride-ski-touring-backcountry-skiing-snowshoeing\/\"><img decoding=\"async\" loading=\"lazy\" class=\"wp-image-20890 aligncenter\" src=\"https:\/\/www.ski-tour-guide.com\/wp-content\/uploads\/2020\/10\/logo-val-thorens.jpg\" width=\"200\" height=\"auto\" \/><\/a>\n<\/div>\n<div class=\"one_third \" style=\"\">\n<a href=\"https:\/\/www.ski-tour-guide.com\/en\/mountain-guide-in-les-menuires-off-piste-freeride-ski-touring-backcountry-skiing-snowshoeing\/\"><img decoding=\"async\" loading=\"lazy\" class=\"wp-image-20890 aligncenter\" src=\"https:\/\/www.ski-tour-guide.com\/wp-content\/uploads\/2020\/10\/logo-menuires.jpg\" width=\"200\" height=\"auto\" srcset=\"https:\/\/www.ski-tour-guide.com\/wp-content\/uploads\/2020\/10\/logo-menuires.jpg 684w, https:\/\/www.ski-tour-guide.com\/wp-content\/uploads\/2020\/10\/logo-menuires-300x70.jpg 300w\" sizes=\"(max-width: 684px) 100vw, 684px\" \/><\/a>\n<\/div>\n<div class=\"one_third last \" style=\"\">\n<a href=\"https:\/\/www.ski-tour-guide.com\/en\/mountain-guide-in-saint-martin-de-belleville-off-piste-freeride-ski-touring-backcountry-skiing-snowshoeing\/\"><img decoding=\"async\" loading=\"lazy\" class=\"wp-image-20890 aligncenter\" src=\"https:\/\/www.ski-tour-guide.com\/wp-content\/uploads\/2020\/10\/logo-saint-martin-belleville.jpg\" width=\"200\" height=\"auto\" \/><\/a>\n<\/div>\n<p><br class=\"clear\"\/><\/p>\n","protected":false},"excerpt":{"rendered":"<p>Off-piste skiing and Freeride, ski-touring, snowshoeing, ice climbing or mountaineering (walks with crampons), our IFMGA UIAGM mountain guides of Les M\u00e9nuires, or our certified alpine and cross country ski instructors and trekking guides will make you discover wild and protected [&hellip;]<\/p>\n","protected":false},"author":1,"featured_media":21001,"parent":0,"menu_order":0,"comment_status":"closed","ping_status":"closed","template":"page-split.php","meta":[],"_links":{"self":[{"href":"https:\/\/www.ski-tour-guide.com\/en\/wp-json\/wp\/v2\/pages\/21120"}],"collection":[{"href":"https:\/\/www.ski-tour-guide.com\/en\/wp-json\/wp\/v2\/pages"}],"about":[{"href":"https:\/\/www.ski-tour-guide.com\/en\/wp-json\/wp\/v2\/types\/page"}],"author":[{"embeddable":true,"href":"https:\/\/www.ski-tour-guide.com\/en\/wp-json\/wp\/v2\/users\/1"}],"replies":[{"embeddable":true,"href":"https:\/\/www.ski-tour-guide.com\/en\/wp-json\/wp\/v2\/comments?post=21120"}],"version-history":[{"count":4,"href":"https:\/\/www.ski-tour-guide.com\/en\/wp-json\/wp\/v2\/pages\/21120\/revisions"}],"predecessor-version":[{"id":21129,"href":"https:\/\/www.ski-tour-guide.com\/en\/wp-json\/wp\/v2\/pages\/21120\/revisions\/21129"}],"wp:featuredmedia":[{"embeddable":true,"href":"https:\/\/www.ski-tour-guide.com\/en\/wp-json\/wp\/v2\/media\/21001"}],"wp:attachment":[{"href":"https:\/\/www.ski-tour-guide.com\/en\/wp-json\/wp\/v2\/media?parent=21120"}],"curies":[{"name":"wp","href":"https:\/\/api.w.org\/{rel}","templated":true}]}}