{"id":19738,"date":"2019-09-11T12:18:05","date_gmt":"2019-09-11T10:18:05","guid":{"rendered":"https:\/\/www.ski-tour-guide.com\/?page_id=19738"},"modified":"2023-11-06T21:23:48","modified_gmt":"2023-11-06T20:23:48","slug":"safari-ski-tour-inter-resorts-alps-savoie-mont-blanc","status":"publish","type":"page","link":"https:\/\/www.ski-tour-guide.com\/en\/safari-ski-tour-inter-resorts-alps-savoie-mont-blanc\/","title":{"rendered":"Safari ski or inter-resorts ski trips"},"content":{"rendered":"<div  class=\"one withsmallpadding ppb_header \" style=\"text-align:left;padding:30px 0 30px 0;\" >\n<div class=\"standard_wrapper\">\n<div class=\"page_content_wrapper\">\n<div class=\"inner\">\n<div style=\"margin:auto;width:100%\">\n<h2 class=\"ppb_title\" style=\"\">Go skiing off-piste for one week, enjoying the best slopes and powder, from resort to resort with our ski and mountain guides<\/h2>\n<div class=\"page_header_sep left\"><\/div>\n<p>Just relax in the best lodges and hotels and discover the local gastronomy. We offer and run these trips in the French, Italian and swiss alps : Trans-tarentaise safari, Italian Monterosa, Verbier and Zermatt, La Grave Voie Lact\u00e9e\u2026<\/p>\n<\/div>\n<\/div>\n<\/div>\n<\/div>\n<\/div>\n<div class=\"standard_wrapper\">\n<div  class=\"one_third withsmallpadding ppb_text\" style=\"padding:30px 0 30px 0;\" >\n<div class=\"standard_wrapper\">\n<div class=\"page_content_wrapper\">\n<div class=\"inner\">\n<div style=\"margin:auto;width:100%\">\n<h3 style=\"text-align: center;\">Les combes secr\u00e8tes<\/h3>\n<p style=\"text-align: center;\"><a href=\"https:\/\/www.ski-tour-guide.com\/les-combes-secretes-de-la-plagne-a-val-thorens\/\"><img decoding=\"async\" loading=\"lazy\" class=\"alignnone size-full wp-image-17204\" src=\"https:\/\/www.ski-tour-guide.com\/wp-content\/uploads\/2017\/11\/combes-secretes-3-maison-des-guides-et-de-la-montagne-ski-tour-safari-3-vallees-val-thorens.jpg\" alt=\"\" width=\"1200\" height=\"676\" srcset=\"https:\/\/www.ski-tour-guide.com\/wp-content\/uploads\/2017\/11\/combes-secretes-3-maison-des-guides-et-de-la-montagne-ski-tour-safari-3-vallees-val-thorens.jpg 1200w, https:\/\/www.ski-tour-guide.com\/wp-content\/uploads\/2017\/11\/combes-secretes-3-maison-des-guides-et-de-la-montagne-ski-tour-safari-3-vallees-val-thorens-300x169.jpg 300w, https:\/\/www.ski-tour-guide.com\/wp-content\/uploads\/2017\/11\/combes-secretes-3-maison-des-guides-et-de-la-montagne-ski-tour-safari-3-vallees-val-thorens-768x433.jpg 768w, https:\/\/www.ski-tour-guide.com\/wp-content\/uploads\/2017\/11\/combes-secretes-3-maison-des-guides-et-de-la-montagne-ski-tour-safari-3-vallees-val-thorens-1024x577.jpg 1024w, https:\/\/www.ski-tour-guide.com\/wp-content\/uploads\/2017\/11\/combes-secretes-3-maison-des-guides-et-de-la-montagne-ski-tour-safari-3-vallees-val-thorens-705x397.jpg 705w\" sizes=\"(max-width: 1200px) 100vw, 1200px\" \/><\/a><\/p>\n<p style=\"text-align: center;\">Avec ce circuit nous allons pouvoir d\u00e9couvrir les itin\u00e9raires que nous n\u2019avons pas le temps d\u2019explorer sur le tour des stations olympiques des 12 Vall\u00e9es. Si vous le souhaitez nous chausserons parfois les [&#8230;]<\/p>\n<h5 style=\"text-align: center;\"><a href=\"https:\/\/www.ski-tour-guide.com\/les-combes-secretes-de-la-plagne-a-val-thorens\/\">En savoir plus<\/a><\/h5>\n<\/div>\n<\/div>\n<\/div>\n<\/div>\n<\/div>\n<\/div>\n<div class=\"standard_wrapper\">\n<div  class=\"one_third withsmallpadding ppb_text\" style=\"padding:30px 0 30px 0;\" >\n<div class=\"standard_wrapper\">\n<div class=\"page_content_wrapper\">\n<div class=\"inner\">\n<div style=\"margin:auto;width:100%\">\n<h3 style=\"text-align: center;\">La Grave &#8211; Sestri\u00e8res<\/h3>\n<p style=\"text-align: center;\"><a href=\"https:\/\/www.ski-tour-guide.com\/ski-safari-la-grave-sestrieres-voie-lactee\/\"><img decoding=\"async\" loading=\"lazy\" class=\"alignnone size-full wp-image-17229\" src=\"https:\/\/www.ski-tour-guide.com\/wp-content\/uploads\/2017\/11\/la-grave-sestrieres-5-maison-des-guides-et-de-la-montagne-ski-tour-safari-3-vallees-val-thorens.jpg\" alt=\"\" width=\"1200\" height=\"676\" srcset=\"https:\/\/www.ski-tour-guide.com\/wp-content\/uploads\/2017\/11\/la-grave-sestrieres-5-maison-des-guides-et-de-la-montagne-ski-tour-safari-3-vallees-val-thorens.jpg 1200w, https:\/\/www.ski-tour-guide.com\/wp-content\/uploads\/2017\/11\/la-grave-sestrieres-5-maison-des-guides-et-de-la-montagne-ski-tour-safari-3-vallees-val-thorens-300x169.jpg 300w, https:\/\/www.ski-tour-guide.com\/wp-content\/uploads\/2017\/11\/la-grave-sestrieres-5-maison-des-guides-et-de-la-montagne-ski-tour-safari-3-vallees-val-thorens-768x433.jpg 768w, https:\/\/www.ski-tour-guide.com\/wp-content\/uploads\/2017\/11\/la-grave-sestrieres-5-maison-des-guides-et-de-la-montagne-ski-tour-safari-3-vallees-val-thorens-1024x577.jpg 1024w, https:\/\/www.ski-tour-guide.com\/wp-content\/uploads\/2017\/11\/la-grave-sestrieres-5-maison-des-guides-et-de-la-montagne-ski-tour-safari-3-vallees-val-thorens-705x397.jpg 705w\" sizes=\"(max-width: 1200px) 100vw, 1200px\" \/><\/a><\/p>\n<p style=\"text-align: center;\">Nous vous proposons un safari itin\u00e9rant reliant La Grave \u00e0 l\u2018Italie\u00a0; si les conditions sont excellentes nous skierons 3 jours au total sur les domaines de LA GRAVE et Serre-Chevallier. La Grave, une des [&#8230;]<\/p>\n<h5 style=\"text-align: center;\"><a href=\"https:\/\/www.ski-tour-guide.com\/ski-safari-la-grave-sestrieres-voie-lactee\/\">En savoir plus<\/a><\/h5>\n<\/div>\n<\/div>\n<\/div>\n<\/div>\n<\/div>\n<\/div>\n<div class=\"standard_wrapper\">\n<div  class=\"one_third last withsmallpadding ppb_text\" style=\"padding:30px 0 30px 0;\" >\n<div class=\"standard_wrapper\">\n<div class=\"page_content_wrapper\">\n<div class=\"inner\">\n<div style=\"margin:auto;width:100%\">\n<h3 style=\"text-align: center;\">Du Mont Rose italien \u00e0 Zermatt<\/h3>\n<p style=\"text-align: center;\"><a href=\"https:\/\/www.ski-tour-guide.com\/safari-monterosa-du-mont-rose-italien-a-zermatt\/\"><img decoding=\"async\" loading=\"lazy\" class=\"alignnone size-full wp-image-17247\" src=\"https:\/\/www.ski-tour-guide.com\/wp-content\/uploads\/2017\/11\/mont-rose-italie-2-maison-des-guides-et-de-la-montagne-ski-tour-safari-3-vallees-val-thorens.jpg\" alt=\"\" width=\"1200\" height=\"676\" srcset=\"https:\/\/www.ski-tour-guide.com\/wp-content\/uploads\/2017\/11\/mont-rose-italie-2-maison-des-guides-et-de-la-montagne-ski-tour-safari-3-vallees-val-thorens.jpg 1200w, https:\/\/www.ski-tour-guide.com\/wp-content\/uploads\/2017\/11\/mont-rose-italie-2-maison-des-guides-et-de-la-montagne-ski-tour-safari-3-vallees-val-thorens-300x169.jpg 300w, https:\/\/www.ski-tour-guide.com\/wp-content\/uploads\/2017\/11\/mont-rose-italie-2-maison-des-guides-et-de-la-montagne-ski-tour-safari-3-vallees-val-thorens-768x433.jpg 768w, https:\/\/www.ski-tour-guide.com\/wp-content\/uploads\/2017\/11\/mont-rose-italie-2-maison-des-guides-et-de-la-montagne-ski-tour-safari-3-vallees-val-thorens-1024x577.jpg 1024w, https:\/\/www.ski-tour-guide.com\/wp-content\/uploads\/2017\/11\/mont-rose-italie-2-maison-des-guides-et-de-la-montagne-ski-tour-safari-3-vallees-val-thorens-705x397.jpg 705w\" sizes=\"(max-width: 1200px) 100vw, 1200px\" \/><\/a><\/p>\n<p style=\"text-align: center;\">Voici un tour de \u00abski fantastique\u00a0\u00bb sous les glaciers (de grandes d\u00e9nivel\u00e9es en perspectives jusqu\u2019\u00e0 Alagna et jusqu\u2019\u00e0 Gressoney-MonteRosa) dans stations italiennes du Mont Rose, en Val d\u2019Aosta. Le dernier jour [&#8230;]<\/p>\n<h5 style=\"text-align: center;\"><a href=\"https:\/\/www.ski-tour-guide.com\/safari-monterosa-du-mont-rose-italien-a-zermatt\/\">En savoir plus<\/a><\/h5>\n<\/div>\n<\/div>\n<\/div>\n<\/div>\n<\/div>\n<\/div>\n<div class=\"standard_wrapper\">\n<div  class=\"one_third withsmallpadding ppb_text\" style=\"padding:30px 0 30px 0;\" >\n<div class=\"standard_wrapper\">\n<div class=\"page_content_wrapper\">\n<div class=\"inner\">\n<div style=\"margin:auto;width:100%\">\n<h3 style=\"text-align: center;\">Trans-Tarentaise<\/h3>\n<p style=\"text-align: center;\"><a href=\"https:\/\/www.ski-tour-guide.com\/trans-tarentaise-ski-safari\/\"><img decoding=\"async\" loading=\"lazy\" class=\"alignnone wp-image-17273 size-full\" src=\"https:\/\/www.ski-tour-guide.com\/wp-content\/uploads\/2017\/11\/trans-tarentaise-8-maison-des-guides-et-de-la-montagne-ski-tour-safari-3-vallees-val-thorens.jpg\" alt=\"\" width=\"1200\" height=\"676\" srcset=\"https:\/\/www.ski-tour-guide.com\/wp-content\/uploads\/2017\/11\/trans-tarentaise-8-maison-des-guides-et-de-la-montagne-ski-tour-safari-3-vallees-val-thorens.jpg 1200w, https:\/\/www.ski-tour-guide.com\/wp-content\/uploads\/2017\/11\/trans-tarentaise-8-maison-des-guides-et-de-la-montagne-ski-tour-safari-3-vallees-val-thorens-300x169.jpg 300w, https:\/\/www.ski-tour-guide.com\/wp-content\/uploads\/2017\/11\/trans-tarentaise-8-maison-des-guides-et-de-la-montagne-ski-tour-safari-3-vallees-val-thorens-768x433.jpg 768w, https:\/\/www.ski-tour-guide.com\/wp-content\/uploads\/2017\/11\/trans-tarentaise-8-maison-des-guides-et-de-la-montagne-ski-tour-safari-3-vallees-val-thorens-1024x577.jpg 1024w, https:\/\/www.ski-tour-guide.com\/wp-content\/uploads\/2017\/11\/trans-tarentaise-8-maison-des-guides-et-de-la-montagne-ski-tour-safari-3-vallees-val-thorens-705x397.jpg 705w\" sizes=\"(max-width: 1200px) 100vw, 1200px\" \/><\/a><\/p>\n<p style=\"text-align: center;\">Le ski-safari, c\u2019est un concept qui devrait convenir \u00e0 la plupart d\u2019entre vous\u00a0: soif de grands espaces, d\u2019aventure, amoureux de la montagne, gastronomes inv\u00e9t\u00e9r\u00e9s\u2026<br \/>\nLe ski-safari, c\u2019est un voyage et [&#8230;]<\/p>\n<h5 style=\"text-align: center;\"><a href=\"https:\/\/www.ski-tour-guide.com\/trans-tarentaise-ski-safari\/\">En savoir plus<\/a><\/h5>\n<\/div>\n<\/div>\n<\/div>\n<\/div>\n<\/div>\n<\/div>\n<div class=\"standard_wrapper\">\n<div  class=\"one_third withsmallpadding ppb_text\" style=\"padding:30px 0 30px 0;\" >\n<div class=\"standard_wrapper\">\n<div class=\"page_content_wrapper\">\n<div class=\"inner\">\n<div style=\"margin:auto;width:100%\">\n<h3 style=\"text-align: center;\">Maurienne sans fronti\u00e8res<\/h3>\n<p style=\"text-align: center;\"><a href=\"https:\/\/www.ski-tour-guide.com\/maurienne-sans-frontieres\/\"><img decoding=\"async\" loading=\"lazy\" class=\"alignnone size-full wp-image-17320\" src=\"https:\/\/www.ski-tour-guide.com\/wp-content\/uploads\/2017\/11\/maurienne-sans-frontieres-4-maison-des-guides-et-de-la-montagne-ski-tour-safari-3-vallees-val-thorens.jpg\" alt=\"\" width=\"1200\" height=\"676\" srcset=\"https:\/\/www.ski-tour-guide.com\/wp-content\/uploads\/2017\/11\/maurienne-sans-frontieres-4-maison-des-guides-et-de-la-montagne-ski-tour-safari-3-vallees-val-thorens.jpg 1200w, https:\/\/www.ski-tour-guide.com\/wp-content\/uploads\/2017\/11\/maurienne-sans-frontieres-4-maison-des-guides-et-de-la-montagne-ski-tour-safari-3-vallees-val-thorens-300x169.jpg 300w, https:\/\/www.ski-tour-guide.com\/wp-content\/uploads\/2017\/11\/maurienne-sans-frontieres-4-maison-des-guides-et-de-la-montagne-ski-tour-safari-3-vallees-val-thorens-768x433.jpg 768w, https:\/\/www.ski-tour-guide.com\/wp-content\/uploads\/2017\/11\/maurienne-sans-frontieres-4-maison-des-guides-et-de-la-montagne-ski-tour-safari-3-vallees-val-thorens-1024x577.jpg 1024w, https:\/\/www.ski-tour-guide.com\/wp-content\/uploads\/2017\/11\/maurienne-sans-frontieres-4-maison-des-guides-et-de-la-montagne-ski-tour-safari-3-vallees-val-thorens-705x397.jpg 705w\" sizes=\"(max-width: 1200px) 100vw, 1200px\" \/><\/a><\/p>\n<p style=\"text-align: center;\">La vall\u00e9e de la Maurienne aux confins du Parc National de la Vanoise nous offre un domaine hors -piste peu fr\u00e9quent\u00e9 : un retour \u00e0 la montagne loin de la foule des grandes stations. Nous empruntons les [&#8230;]<\/p>\n<h5 style=\"text-align: center;\"><a href=\"https:\/\/www.ski-tour-guide.com\/maurienne-sans-frontieres\/\">En savoir plus<\/a><\/h5>\n<\/div>\n<\/div>\n<\/div>\n<\/div>\n<\/div>\n<\/div>\n<div class=\"standard_wrapper\">\n<div  class=\"one_third last withsmallpadding ppb_text\" style=\"padding:30px 0 30px 0;\" >\n<div class=\"standard_wrapper\">\n<div class=\"page_content_wrapper\">\n<div class=\"inner\">\n<div style=\"margin:auto;width:100%\">\n<p>Our IFMGA mountain guides, ski instructors and mountain leaders of our guides&rsquo; company \u201cMaison des guides Val Thorens\u201d invite you to discover off-piste skiing, ski touring, ice climbing, snowshoeing and much more. You&rsquo;ll find us departing from the resorts of Val Thorens, Les Menuires, St Martin de Belleville, M\u00e9ribel in the 3 vall\u00e9es ski area and all over the Vanoise. Our base camp is located in the Belleville Valley.<\/p>\n<\/div>\n<\/div>\n<\/div>\n<\/div>\n<\/div>\n<\/div>\n","protected":false},"excerpt":{"rendered":"<p>Go skiing off-piste for one week, enjoying the best slopes and powder, from resort to resort with our ski and mountain guides Just relax in the best lodges and hotels and discover the local gastronomy. We offer and run these [&hellip;]<\/p>\n","protected":false},"author":1,"featured_media":0,"parent":0,"menu_order":0,"comment_status":"closed","ping_status":"closed","template":"","meta":[],"_links":{"self":[{"href":"https:\/\/www.ski-tour-guide.com\/en\/wp-json\/wp\/v2\/pages\/19738"}],"collection":[{"href":"https:\/\/www.ski-tour-guide.com\/en\/wp-json\/wp\/v2\/pages"}],"about":[{"href":"https:\/\/www.ski-tour-guide.com\/en\/wp-json\/wp\/v2\/types\/page"}],"author":[{"embeddable":true,"href":"https:\/\/www.ski-tour-guide.com\/en\/wp-json\/wp\/v2\/users\/1"}],"replies":[{"embeddable":true,"href":"https:\/\/www.ski-tour-guide.com\/en\/wp-json\/wp\/v2\/comments?post=19738"}],"version-history":[{"count":15,"href":"https:\/\/www.ski-tour-guide.com\/en\/wp-json\/wp\/v2\/pages\/19738\/revisions"}],"predecessor-version":[{"id":21938,"href":"https:\/\/www.ski-tour-guide.com\/en\/wp-json\/wp\/v2\/pages\/19738\/revisions\/21938"}],"wp:attachment":[{"href":"https:\/\/www.ski-tour-guide.com\/en\/wp-json\/wp\/v2\/media?parent=19738"}],"curies":[{"name":"wp","href":"https:\/\/api.w.org\/{rel}","templated":true}]}}