{"id":19427,"date":"2019-08-20T09:29:03","date_gmt":"2019-08-20T07:29:03","guid":{"rendered":"https:\/\/www.ski-tour-guide.com\/ski-de-randonnee-en-siberie-mamai-khamar-daban-pres-du-lac-baikal\/"},"modified":"2020-03-25T14:23:38","modified_gmt":"2020-03-25T13:23:38","slug":"southern-siberia-snowboarding-or-skiing-in-mamai-area-khamar-daban-range-close-to-baikal-lake","status":"publish","type":"page","link":"https:\/\/www.ski-tour-guide.com\/en\/ski-journeys-abroad-norway-russia-siberia-chili-japan\/southern-siberia-snowboarding-or-skiing-in-mamai-area-khamar-daban-range-close-to-baikal-lake\/","title":{"rendered":"Southern SIBERIA, snowboarding or skiing in MAMAI area, Khamar Daban range, close to Baikal lake"},"content":{"rendered":"<div  class=\"one withsmallpadding ppb_text\" style=\"padding:30px 0 30px 0;\" >\n<div class=\"standard_wrapper\">\n<div class=\"page_content_wrapper\">\n<div class=\"inner\">\n<div style=\"margin:auto;width:100%\">\n<p style=\"text-align: center;\"><strong>Powder skiing and Far East backcountry skiing (ski-touring)<\/strong><\/p>\n<p style=\"text-align: center;\">Near Baikal lake, southern Siberia, the biggest pure drinkable water tank of our planet. From Moscou to St Petersburgh, we\u2019ll fly to Irkutsk, on the edge of the Baikal lake, hard frozen from late January to May, where we\u2019ll discover almost another continent. Siberia, where everything is oversized. Siberia is the huggest region of Russia, much bigger than all Europe. No lifts in Khamar Daban, where we\u2019ll ski mostly in Mamai valley..<\/p>\n<p style=\"text-align: center;\">Our program includes backcountry skiing, ski-touring in steep forests of pines and cedars, and above the hoods, on the summits! Sometimes we\u2019ll be bordering the south of lake Baikal, 190 km from Irkutsk (4 hours driving from Irkutsk), lake on which the heaviest trucks can be driven from late January!!<\/p>\n<h6 style=\"text-align: center;\"><a href=\"#inscription\">Inscription<\/a><\/h6>\n<\/div>\n<\/div>\n<\/div>\n<\/div>\n<\/div>\n<div  class=\"one withsmallpadding ppb_text\" style=\"padding:30px 0 30px 0;\" >\n<div class=\"standard_wrapper\">\n<div class=\"page_content_wrapper\">\n<div class=\"inner\">\n<div style=\"margin:auto;width:100%\">\n<p style=\"text-align: center;\"><strong>Powder skiing and Far East backcountry skiing (ski-touring)<\/strong><\/p>\n<p style=\"text-align: center;\">Near Baikal lake, southern Siberia, the biggest pure drinkable water tank of our planet. From Moscou to St Petersburgh, we\u2019ll fly to Irkutsk, on the edge of the Baikal lake, hard frozen from late January to May, where we\u2019ll discover almost another continent. Siberia, where everything is oversized. Siberia is the huggest region of Russia, much bigger than all Europe. No lifts in Khamar Daban, where we\u2019ll ski mostly in Mamai valley..<\/p>\n<p style=\"text-align: center;\">Our program includes backcountry skiing, ski-touring in steep forests of pines and cedars, and above the hoods, on the summits! Sometimes we\u2019ll be bordering the south of lake Baikal, 190 km from Irkutsk (4 hours driving from Irkutsk), lake on which the heaviest trucks can be driven from late January!!<\/p>\n<h6 style=\"text-align: center;\"><a href=\"#inscription\">Inscription<\/a><\/h6>\n<\/div>\n<\/div>\n<\/div>\n<\/div>\n<\/div>\n<div  class=\"one withsmallpadding ppb_text\" style=\"padding:30px 0 30px 0;\" >\n<div class=\"standard_wrapper\">\n<div class=\"page_content_wrapper\">\n<div class=\"inner\">\n<div style=\"margin:auto;width:100%\">\n<h3><img decoding=\"async\" loading=\"lazy\" class=\"wp-image-16366 aligncenter\" src=\"https:\/\/www.ski-tour-guide.com\/wp-content\/uploads\/2017\/10\/settings.png\" alt=\"\" width=\"50\" height=\"50\" srcset=\"https:\/\/www.ski-tour-guide.com\/wp-content\/uploads\/2017\/10\/settings.png 128w, https:\/\/www.ski-tour-guide.com\/wp-content\/uploads\/2017\/10\/settings-109x109.png 109w, https:\/\/www.ski-tour-guide.com\/wp-content\/uploads\/2017\/10\/settings-100x100.png 100w\" sizes=\"(max-width: 50px) 100vw, 50px\" \/><\/h3>\n<h3 style=\"text-align: center;\">Level<\/h3>\n<p style=\"text-align: center;\">Good off piste skiers; we may also do some forest ski-touring<\/p>\n<\/div>\n<\/div>\n<\/div>\n<\/div>\n<\/div>\n<div  class=\"one withsmallpadding ppb_text\" style=\"padding:30px 0 30px 0;\" >\n<div class=\"standard_wrapper\">\n<div class=\"page_content_wrapper\">\n<div class=\"inner\">\n<div style=\"margin:auto;width:100%\">\n<h3><img decoding=\"async\" loading=\"lazy\" class=\"wp-image-16602 aligncenter\" src=\"https:\/\/www.ski-tour-guide.com\/wp-content\/uploads\/2017\/10\/share2.png\" alt=\"\" width=\"50\" height=\"50\" srcset=\"https:\/\/www.ski-tour-guide.com\/wp-content\/uploads\/2017\/10\/share2.png 128w, https:\/\/www.ski-tour-guide.com\/wp-content\/uploads\/2017\/10\/share2-109x109.png 109w, https:\/\/www.ski-tour-guide.com\/wp-content\/uploads\/2017\/10\/share2-100x100.png 100w\" sizes=\"(max-width: 50px) 100vw, 50px\" \/><\/h3>\n<h3 style=\"text-align: center;\"><span style=\"color: #ffffff;\">Group<\/span><\/h3>\n<p style=\"text-align: center;\">3 to 7 persons per mountain guide- ski instructor<\/p>\n<\/div>\n<\/div>\n<\/div>\n<\/div>\n<\/div>\n<div  class=\"one withsmallpadding ppb_text\" style=\"padding:30px 0 30px 0;\" >\n<div class=\"standard_wrapper\">\n<div class=\"page_content_wrapper\">\n<div class=\"inner\">\n<div style=\"margin:auto;width:100%\">\n<h3><img decoding=\"async\" loading=\"lazy\" class=\"alignnone wp-image-16368 aligncenter\" src=\"https:\/\/www.ski-tour-guide.com\/wp-content\/uploads\/2017\/10\/timer.png\" alt=\"\" width=\"50\" height=\"50\" srcset=\"https:\/\/www.ski-tour-guide.com\/wp-content\/uploads\/2017\/10\/timer.png 128w, https:\/\/www.ski-tour-guide.com\/wp-content\/uploads\/2017\/10\/timer-109x109.png 109w, https:\/\/www.ski-tour-guide.com\/wp-content\/uploads\/2017\/10\/timer-100x100.png 100w\" sizes=\"(max-width: 50px) 100vw, 50px\" \/><\/h3>\n<h3 style=\"text-align: center;\">Duration<\/h3>\n<p style=\"text-align: center;\">8 days, 6 days skiing and 6 nights in Sheregesh. (or a total of 12 DAYS with 5 days skiing if you want to see BAIKAL famous lake)<\/p>\n<\/div>\n<\/div>\n<\/div>\n<\/div>\n<\/div>\n<div  class=\"one withsmallpadding ppb_text\" style=\"padding:30px 0 30px 0;\" >\n<div class=\"standard_wrapper\">\n<div class=\"page_content_wrapper\">\n<div class=\"inner\">\n<div style=\"margin:auto;width:100%\">\n<h3><img decoding=\"async\" loading=\"lazy\" class=\"wp-image-16414 aligncenter\" src=\"https:\/\/www.ski-tour-guide.com\/wp-content\/uploads\/2017\/10\/profile2.png\" alt=\"\" width=\"50\" height=\"50\" srcset=\"https:\/\/www.ski-tour-guide.com\/wp-content\/uploads\/2017\/10\/profile2.png 128w, https:\/\/www.ski-tour-guide.com\/wp-content\/uploads\/2017\/10\/profile2-109x109.png 109w, https:\/\/www.ski-tour-guide.com\/wp-content\/uploads\/2017\/10\/profile2-100x100.png 100w\" sizes=\"(max-width: 50px) 100vw, 50px\" \/><\/h3>\n<h3 style=\"text-align: center;\"><span style=\"color: #ffffff;\">Guiding by<\/span><\/h3>\n<p style=\"text-align: center;\">a UIAGM ski and mountain guide, for instance YVES ASTIER, UIAGM\u00a0 ski and mountain guide and \u00a0ski instructor who speaks RUSSIAN<\/p>\n<\/div>\n<\/div>\n<\/div>\n<\/div>\n<\/div>\n<div  class=\"one withsmallpadding ppb_text\" style=\"padding:30px 0 30px 0;\" >\n<div class=\"standard_wrapper\">\n<div class=\"page_content_wrapper\">\n<div class=\"inner\">\n<div style=\"margin:auto;width:100%\">\n<h3><img decoding=\"async\" loading=\"lazy\" class=\"alignnone wp-image-16363 aligncenter\" src=\"https:\/\/www.ski-tour-guide.com\/wp-content\/uploads\/2017\/10\/info.png\" alt=\"\" width=\"50\" height=\"50\" srcset=\"https:\/\/www.ski-tour-guide.com\/wp-content\/uploads\/2017\/10\/info.png 128w, https:\/\/www.ski-tour-guide.com\/wp-content\/uploads\/2017\/10\/info-109x109.png 109w, https:\/\/www.ski-tour-guide.com\/wp-content\/uploads\/2017\/10\/info-100x100.png 100w\" sizes=\"(max-width: 50px) 100vw, 50px\" \/><\/h3>\n<h3 style=\"text-align: center;\">P\u00e9riod<\/h3>\n<p style=\"text-align: center;\"><strong>Off-piste and touring ski from early November to mid-January<\/strong> (we could ski there until early May).<\/p>\n<p style=\"text-align: center;\"><strong>Dates 2020 (same dates in 2021):<\/strong><br \/>\nNovember \/ December 2020 = November 16-24<br \/>\n+ November 23-30, 2019 &#038; 2020<br \/>\n+ December = Nov 28 nov-Dec 4<br \/>\n&#8211; December 5-12 th, 2020.<\/p>\n<\/div>\n<\/div>\n<\/div>\n<\/div>\n<\/div>\n<div  class=\"one withsmallpadding ppb_text\" style=\"padding:30px 0 30px 0;\" >\n<div class=\"standard_wrapper\">\n<div class=\"page_content_wrapper\">\n<div class=\"inner\">\n<div style=\"margin:auto;width:100%\">\n<h3><img decoding=\"async\" loading=\"lazy\" class=\"alignnone wp-image-16362 aligncenter\" src=\"https:\/\/www.ski-tour-guide.com\/wp-content\/uploads\/2017\/10\/favorite2.png\" alt=\"\" width=\"50\" height=\"50\" \/><\/h3>\n<h3 style=\"text-align: center;\"><span style=\"color: #ffffff;\">Price<\/span><\/h3>\n<p style=\"text-align: center;\">Per person without the air flights<br \/>\n(Ad the cost of the flights, around 500 or 600 euros for your flights to IRKUTSK, round trip through St Pertersburg or Moscow.<br \/>\nH\u00e9bergement:<br \/>\nEn chalet Deluxe, ou refuge suivant la formule choisie.<\/p>\n<p style=\"text-align: center;\"><strong>From 2780 euros per person x 6 participants minimum, price per person, without the airfare-flights (staying in a hut with a professional cook; no showers, not much comfort).<\/strong><\/p>\n<p style=\"text-align: center;\"><strong>\/or from 3300 euros person if Deluxe accommodation.<\/strong><br \/>\nstaying in a DELUXE hotel, hot showers= 3300 \u20ac per person (without the air flights) with 6 participants minimum (from 3700 \u20ac to 4000 \u20ac if only 3 to 5 participants)<br \/>\n+ Plus about 500 euros for the flights round trip, from London or Geneva or Paris to Irkutsk or to Novokunietzk (or Novosibirsk).<br \/>\nSelon votre lieu de d\u00e9part pr\u00e9voir au moins 500 \u00e0 600 euros pour vos vols avion jusqu\u2019\u00e0 IRKUTSK et retour via Moscou.<\/p>\n<p style=\"text-align: center;\"><strong>NB: BEWARE, when you purchase your siberian air flights, choose a correspondance flight from Moscow to IRKUSTSK (or also the same, if flying to Novokunietzk if you decide to come and ski LUZHBA forests or Sheregesh\u2026) with a lapse of 5 hours between these two flights SO AS TO MAKE SURE THAT YOUR SKIS and other luggage \/belongings will arrive in Siberia at the same time than you, \u2026not 3 days later!!<\/strong><\/p>\n<\/div>\n<\/div>\n<\/div>\n<\/div>\n<\/div>\n<div  class=\"one withsmallpadding ppb_text\" style=\"padding:30px 0 30px 0;\" >\n<div class=\"standard_wrapper\">\n<div class=\"page_content_wrapper\">\n<div class=\"inner\">\n<div style=\"margin:auto;width:100%\">\n<h3 id=\"inscription\"><img decoding=\"async\" loading=\"lazy\" class=\"wp-image-16420 aligncenter\" src=\"https:\/\/www.ski-tour-guide.com\/wp-content\/uploads\/2017\/10\/shopping-cart.png\" alt=\"\" width=\"50\" height=\"50\" srcset=\"https:\/\/www.ski-tour-guide.com\/wp-content\/uploads\/2017\/10\/shopping-cart.png 128w, https:\/\/www.ski-tour-guide.com\/wp-content\/uploads\/2017\/10\/shopping-cart-109x109.png 109w, https:\/\/www.ski-tour-guide.com\/wp-content\/uploads\/2017\/10\/shopping-cart-100x100.png 100w\" sizes=\"(max-width: 50px) 100vw, 50px\" \/><\/h3>\n<h3 style=\"text-align: center;\">Reservation request<\/h3>\n<p style=\"text-align: center;\">\n<div role=\"form\" class=\"wpcf7\" id=\"wpcf7-f17540-o2\" lang=\"fr-FR\" dir=\"ltr\">\n<div class=\"screen-reader-response\"><\/div>\n<form action=\"\/wp-admin\/post.php#wpcf7-f17540-o2\" method=\"post\" class=\"wpcf7-form\" novalidate=\"novalidate\">\n<div style=\"display: none;\">\n<input type=\"hidden\" name=\"_wpcf7\" value=\"17540\" \/><br \/>\n<input type=\"hidden\" name=\"_wpcf7_version\" value=\"5.0.5\" \/><br \/>\n<input type=\"hidden\" name=\"_wpcf7_locale\" value=\"fr_FR\" \/><br \/>\n<input type=\"hidden\" name=\"_wpcf7_unit_tag\" value=\"wpcf7-f17540-o2\" \/><br \/>\n<input type=\"hidden\" name=\"_wpcf7_container_post\" value=\"0\" \/>\n<\/div>\n<p><!-- CF7 Modules --><\/p>\n<div style='display:none;'><input type=\"hidden\" name=\"title\" value=\"Southern SIBERIA, snowboarding or skiing in MAMAI area, Khamar Daban range, close to Baikal lake\" class=\"wpcf7-form-control wpcf7-hidden\" \/><input type=\"hidden\" name=\"url\" value=\"https:\/\/www.ski-tour-guide.com\/en\/southern-siberia-snowboarding-or-skiing-in-mamai-area-khamar-daban-range-close-to-baikal-lake\/\" class=\"wpcf7-form-control wpcf7-hidden\" \/><\/div>\n<p><!-- End CF7 Modules --><\/p>\n<p style=\"text-align: center;\">You wish to make a reservation request for this product<\/p>\n<p><label> Your Name*<br \/>\n    <span class=\"wpcf7-form-control-wrap your-name\"><input type=\"text\" name=\"your-name\" value=\"\" size=\"40\" class=\"wpcf7-form-control wpcf7-text wpcf7-validates-as-required\" aria-required=\"true\" aria-invalid=\"false\" \/><\/span> <\/label><\/p>\n<p><label> Your email*<br \/>\n    <span class=\"wpcf7-form-control-wrap your-email\"><input type=\"email\" name=\"your-email\" value=\"\" size=\"40\" class=\"wpcf7-form-control wpcf7-text wpcf7-email wpcf7-validates-as-required wpcf7-validates-as-email\" aria-required=\"true\" aria-invalid=\"false\" \/><\/span> <\/label><\/p>\n<p><label> Your Phone Number*<br \/>\n    <span class=\"wpcf7-form-control-wrap your-tel\"><input type=\"tel\" name=\"your-tel\" value=\"\" size=\"40\" class=\"wpcf7-form-control wpcf7-text wpcf7-tel wpcf7-validates-as-required wpcf7-validates-as-tel\" aria-required=\"true\" aria-invalid=\"false\" \/><\/span> <\/label><\/p>\n<p><label> Your message<br \/>\n    <span class=\"wpcf7-form-control-wrap your-message\"><textarea name=\"your-message\" cols=\"40\" rows=\"10\" class=\"wpcf7-form-control wpcf7-textarea\" aria-invalid=\"false\"><\/textarea><\/span> <\/label><\/p>\n<p><input type=\"submit\" value=\"Envoyer\" class=\"wpcf7-form-control wpcf7-submit\" \/><\/p>\n<div class=\"wpcf7-response-output wpcf7-display-none\"><\/div>\n<\/form>\n<\/div>\n<\/div>\n<\/div>\n<\/div>\n<\/div>\n<\/div>\n<div  class=\"one withsmallpadding ppb_text\" style=\"padding:30px 0 30px 0;\" >\n<div class=\"standard_wrapper\">\n<div class=\"page_content_wrapper\">\n<div class=\"inner\">\n<div style=\"margin:auto;width:100%\">\n<h6 style=\"text-align: center;\"><a href=\"https:\/\/www.ski-tour-guide.com\/en\/portfolios\/ski-touring-backcountry-skiing\/\">Back to ski touring backcountry skiing products<\/a><\/h6>\n<h6 style=\"text-align: center;\"><a href=\"https:\/\/www.ski-tour-guide.com\/en\/portfolios\/ski-journeys-abroad\/\">Back to ski journeys abroad products<\/a><\/h6>\n<\/div>\n<\/div>\n<\/div>\n<\/div>\n<\/div>\n","protected":false},"excerpt":{"rendered":"<p>Powder skiing and Far East backcountry skiing (ski-touring) Near Baikal lake, southern Siberia, the biggest pure drinkable water tank of our planet. From Moscou to St Petersburgh, we\u2019ll fly to Irkutsk, on the edge of the Baikal lake, hard frozen [&hellip;]<\/p>\n","protected":false},"author":1,"featured_media":0,"parent":19781,"menu_order":0,"comment_status":"closed","ping_status":"closed","template":"","meta":[],"_links":{"self":[{"href":"https:\/\/www.ski-tour-guide.com\/en\/wp-json\/wp\/v2\/pages\/19427"}],"collection":[{"href":"https:\/\/www.ski-tour-guide.com\/en\/wp-json\/wp\/v2\/pages"}],"about":[{"href":"https:\/\/www.ski-tour-guide.com\/en\/wp-json\/wp\/v2\/types\/page"}],"author":[{"embeddable":true,"href":"https:\/\/www.ski-tour-guide.com\/en\/wp-json\/wp\/v2\/users\/1"}],"replies":[{"embeddable":true,"href":"https:\/\/www.ski-tour-guide.com\/en\/wp-json\/wp\/v2\/comments?post=19427"}],"version-history":[{"count":16,"href":"https:\/\/www.ski-tour-guide.com\/en\/wp-json\/wp\/v2\/pages\/19427\/revisions"}],"predecessor-version":[{"id":20560,"href":"https:\/\/www.ski-tour-guide.com\/en\/wp-json\/wp\/v2\/pages\/19427\/revisions\/20560"}],"up":[{"embeddable":true,"href":"https:\/\/www.ski-tour-guide.com\/en\/wp-json\/wp\/v2\/pages\/19781"}],"wp:attachment":[{"href":"https:\/\/www.ski-tour-guide.com\/en\/wp-json\/wp\/v2\/media?parent=19427"}],"curies":[{"name":"wp","href":"https:\/\/api.w.org\/{rel}","templated":true}]}}