{"id":18135,"date":"2017-11-13T11:32:05","date_gmt":"2017-11-13T10:32:05","guid":{"rendered":"https:\/\/www.ski-tour-guide.com\/nos-partenaires\/"},"modified":"2023-09-25T12:12:41","modified_gmt":"2023-09-25T10:12:41","slug":"our-partners","status":"publish","type":"page","link":"https:\/\/www.ski-tour-guide.com\/en\/our-partners\/","title":{"rendered":"Our partners"},"content":{"rendered":"<div class=\"standard_wrapper\">\n<div  class=\"one_third withsmallpadding ppb_text\" style=\"margin-bottom: 0 !important;padding:30px 0 30px 0;\" >\n<div class=\"standard_wrapper\">\n<div class=\"page_content_wrapper\">\n<div class=\"inner\">\n<div style=\"margin:auto;width:100%\">\n<p style=\"text-align: center;\"><a href=\"https:\/\/www.zagskis.com\/fr\/\" target=\"_blank\" rel=\"noopener\"><strong>ZAG Ski<\/strong><\/a><\/p>\n<p style=\"text-align: center;\"><a href=\"https:\/\/www.zagskis.com\/fr\/\"><img decoding=\"async\" loading=\"lazy\" class=\"alignnone wp-image-20584 size-full\" src=\"https:\/\/www.ski-tour-guide.com\/wp-content\/uploads\/2017\/11\/8-zag-ski-partenaires-maison-des-guides-et-de-la-montagne-ski-tour-safari-3-vallees-val-thorens.jpg\" alt=\"\" width=\"1586\" height=\"729\" srcset=\"https:\/\/www.ski-tour-guide.com\/wp-content\/uploads\/2017\/11\/8-zag-ski-partenaires-maison-des-guides-et-de-la-montagne-ski-tour-safari-3-vallees-val-thorens.jpg 1586w, https:\/\/www.ski-tour-guide.com\/wp-content\/uploads\/2017\/11\/8-zag-ski-partenaires-maison-des-guides-et-de-la-montagne-ski-tour-safari-3-vallees-val-thorens-300x138.jpg 300w, https:\/\/www.ski-tour-guide.com\/wp-content\/uploads\/2017\/11\/8-zag-ski-partenaires-maison-des-guides-et-de-la-montagne-ski-tour-safari-3-vallees-val-thorens-768x353.jpg 768w, https:\/\/www.ski-tour-guide.com\/wp-content\/uploads\/2017\/11\/8-zag-ski-partenaires-maison-des-guides-et-de-la-montagne-ski-tour-safari-3-vallees-val-thorens-1024x471.jpg 1024w, https:\/\/www.ski-tour-guide.com\/wp-content\/uploads\/2017\/11\/8-zag-ski-partenaires-maison-des-guides-et-de-la-montagne-ski-tour-safari-3-vallees-val-thorens-705x324.jpg 705w\" sizes=\"(max-width: 1586px) 100vw, 1586px\" \/><\/a><\/p>\n<\/div>\n<\/div>\n<\/div>\n<\/div>\n<\/div>\n<\/div>\n<div class=\"standard_wrapper\">\n<div  class=\"one_third withsmallpadding ppb_text\" style=\"padding:30px 0 30px 0;\" >\n<div class=\"standard_wrapper\">\n<div class=\"page_content_wrapper\">\n<div class=\"inner\">\n<div style=\"margin:auto;width:100%\">\n<p style=\"text-align: center;\"><a href=\"https:\/\/grivel.com\/\" target=\"_blank\" rel=\"noopener\"><strong>Grivel<\/strong><\/a><\/p>\n<p style=\"text-align: center;\"><a href=\"https:\/\/grivel.com\/\" target=\"_blank\" rel=\"noopener\"><img decoding=\"async\" loading=\"lazy\" class=\"alignnone wp-image-20587 size-full\" src=\"https:\/\/www.ski-tour-guide.com\/wp-content\/uploads\/2017\/11\/9-grivel-ski-partenaires-maison-des-guides-et-de-la-montagne-ski-tour-safari-3-vallees-val-thorens.jpg\" alt=\"\" width=\"1586\" height=\"729\" srcset=\"https:\/\/www.ski-tour-guide.com\/wp-content\/uploads\/2017\/11\/9-grivel-ski-partenaires-maison-des-guides-et-de-la-montagne-ski-tour-safari-3-vallees-val-thorens.jpg 1586w, https:\/\/www.ski-tour-guide.com\/wp-content\/uploads\/2017\/11\/9-grivel-ski-partenaires-maison-des-guides-et-de-la-montagne-ski-tour-safari-3-vallees-val-thorens-300x138.jpg 300w, https:\/\/www.ski-tour-guide.com\/wp-content\/uploads\/2017\/11\/9-grivel-ski-partenaires-maison-des-guides-et-de-la-montagne-ski-tour-safari-3-vallees-val-thorens-768x353.jpg 768w, https:\/\/www.ski-tour-guide.com\/wp-content\/uploads\/2017\/11\/9-grivel-ski-partenaires-maison-des-guides-et-de-la-montagne-ski-tour-safari-3-vallees-val-thorens-1024x471.jpg 1024w, https:\/\/www.ski-tour-guide.com\/wp-content\/uploads\/2017\/11\/9-grivel-ski-partenaires-maison-des-guides-et-de-la-montagne-ski-tour-safari-3-vallees-val-thorens-705x324.jpg 705w\" sizes=\"(max-width: 1586px) 100vw, 1586px\" \/><\/a><\/p>\n<\/div>\n<\/div>\n<\/div>\n<\/div>\n<\/div>\n<\/div>\n<div class=\"standard_wrapper\">\n<div  class=\"one_third last withsmallpadding ppb_text\" style=\"padding:30px 0 30px 0;\" >\n<div class=\"standard_wrapper\">\n<div class=\"page_content_wrapper\">\n<div class=\"inner\">\n<div style=\"margin:auto;width:100%\">\n<p style=\"text-align: center;\"><a href=\"https:\/\/guides-skivaldisere.com\/\" target=\"_blank\" rel=\"noopener\"><strong>Guide Ski Val d&rsquo;Is\u00e8re<\/strong><\/a><\/p>\n<p><a href=\"https:\/\/guides-skivaldisere.com\/\" target=\"_blank\" rel=\"noopener\"><img decoding=\"async\" loading=\"lazy\" class=\"alignnone wp-image-18952 size-full\" src=\"https:\/\/www.ski-tour-guide.com\/wp-content\/uploads\/2017\/11\/7-guide-val-disere-partenaires-maison-des-guides-et-de-la-montagne-ski-tour-safari-3-vallees-val-thorens.jpg\" alt=\"\" width=\"1586\" height=\"729\" srcset=\"https:\/\/www.ski-tour-guide.com\/wp-content\/uploads\/2017\/11\/7-guide-val-disere-partenaires-maison-des-guides-et-de-la-montagne-ski-tour-safari-3-vallees-val-thorens.jpg 1586w, https:\/\/www.ski-tour-guide.com\/wp-content\/uploads\/2017\/11\/7-guide-val-disere-partenaires-maison-des-guides-et-de-la-montagne-ski-tour-safari-3-vallees-val-thorens-300x138.jpg 300w, https:\/\/www.ski-tour-guide.com\/wp-content\/uploads\/2017\/11\/7-guide-val-disere-partenaires-maison-des-guides-et-de-la-montagne-ski-tour-safari-3-vallees-val-thorens-768x353.jpg 768w, https:\/\/www.ski-tour-guide.com\/wp-content\/uploads\/2017\/11\/7-guide-val-disere-partenaires-maison-des-guides-et-de-la-montagne-ski-tour-safari-3-vallees-val-thorens-1024x471.jpg 1024w, https:\/\/www.ski-tour-guide.com\/wp-content\/uploads\/2017\/11\/7-guide-val-disere-partenaires-maison-des-guides-et-de-la-montagne-ski-tour-safari-3-vallees-val-thorens-705x324.jpg 705w\" sizes=\"(max-width: 1586px) 100vw, 1586px\" \/><\/a><\/p>\n<p style=\"text-align: center;\">\n<\/div>\n<\/div>\n<\/div>\n<\/div>\n<\/div>\n<\/div>\n<div class=\"standard_wrapper\">\n<div  class=\"one_third withsmallpadding ppb_text\" style=\"padding:30px 0 30px 0;\" >\n<div class=\"standard_wrapper\">\n<div class=\"page_content_wrapper\">\n<div class=\"inner\">\n<div style=\"margin:auto;width:100%\">\n<p style=\"text-align: center;\"><a href=\"http:\/\/www.yannvaldisere.com\/\" target=\"_blank\" rel=\"noopener\"><strong>Yann Moniteur Ski &#038; Snowboard Val d&rsquo;Is\u00e8re<\/strong><\/a><\/p>\n<p style=\"text-align: center;\"><a href=\"http:\/\/www.yannvaldisere.com\/\" target=\"_blank\" rel=\"noopener\"><img decoding=\"async\" loading=\"lazy\" class=\"alignnone wp-image-17309 size-full\" src=\"https:\/\/www.ski-tour-guide.com\/wp-content\/uploads\/2017\/11\/4-Yann-val-d-isere-partenaires-maison-des-guides-et-de-la-montagne-ski-tour-safari-3-vallees-val-thorens.jpg\" alt=\"\" width=\"1586\" height=\"729\" srcset=\"https:\/\/www.ski-tour-guide.com\/wp-content\/uploads\/2017\/11\/4-Yann-val-d-isere-partenaires-maison-des-guides-et-de-la-montagne-ski-tour-safari-3-vallees-val-thorens.jpg 1586w, https:\/\/www.ski-tour-guide.com\/wp-content\/uploads\/2017\/11\/4-Yann-val-d-isere-partenaires-maison-des-guides-et-de-la-montagne-ski-tour-safari-3-vallees-val-thorens-300x138.jpg 300w, https:\/\/www.ski-tour-guide.com\/wp-content\/uploads\/2017\/11\/4-Yann-val-d-isere-partenaires-maison-des-guides-et-de-la-montagne-ski-tour-safari-3-vallees-val-thorens-768x353.jpg 768w, https:\/\/www.ski-tour-guide.com\/wp-content\/uploads\/2017\/11\/4-Yann-val-d-isere-partenaires-maison-des-guides-et-de-la-montagne-ski-tour-safari-3-vallees-val-thorens-1024x471.jpg 1024w, https:\/\/www.ski-tour-guide.com\/wp-content\/uploads\/2017\/11\/4-Yann-val-d-isere-partenaires-maison-des-guides-et-de-la-montagne-ski-tour-safari-3-vallees-val-thorens-705x324.jpg 705w\" sizes=\"(max-width: 1586px) 100vw, 1586px\" \/><\/a><\/p>\n<\/div>\n<\/div>\n<\/div>\n<\/div>\n<\/div>\n<\/div>\n<div class=\"standard_wrapper\">\n<div  class=\"one_third withsmallpadding ppb_text\" style=\"padding:30px 0 30px 0;\" >\n<div class=\"standard_wrapper\">\n<div class=\"page_content_wrapper\">\n<div class=\"inner\">\n<div style=\"margin:auto;width:100%\">\n<p style=\"text-align: center;\"><a href=\"http:\/\/www.refugefonddesfours.fr\" target=\"_blank\" rel=\"noopener\"><strong>Refuge du Fond des Fours<\/strong><strong><br \/>\n<\/strong><\/a><\/p>\n<p style=\"text-align: center;\"><a href=\"http:\/\/www.refugefonddesfours.fr\" target=\"_blank\" rel=\"noopener\"><img decoding=\"async\" loading=\"lazy\" class=\"alignnone wp-image-17304 size-full\" src=\"https:\/\/www.ski-tour-guide.com\/wp-content\/uploads\/2017\/11\/3-refuge-du-fond-des-fours-partenaires-maison-des-guides-et-de-la-montagne-ski-tour-safari-3-vallees-val-thorens.jpg\" alt=\"\" width=\"1586\" height=\"729\" srcset=\"https:\/\/www.ski-tour-guide.com\/wp-content\/uploads\/2017\/11\/3-refuge-du-fond-des-fours-partenaires-maison-des-guides-et-de-la-montagne-ski-tour-safari-3-vallees-val-thorens.jpg 1586w, https:\/\/www.ski-tour-guide.com\/wp-content\/uploads\/2017\/11\/3-refuge-du-fond-des-fours-partenaires-maison-des-guides-et-de-la-montagne-ski-tour-safari-3-vallees-val-thorens-300x138.jpg 300w, https:\/\/www.ski-tour-guide.com\/wp-content\/uploads\/2017\/11\/3-refuge-du-fond-des-fours-partenaires-maison-des-guides-et-de-la-montagne-ski-tour-safari-3-vallees-val-thorens-768x353.jpg 768w, https:\/\/www.ski-tour-guide.com\/wp-content\/uploads\/2017\/11\/3-refuge-du-fond-des-fours-partenaires-maison-des-guides-et-de-la-montagne-ski-tour-safari-3-vallees-val-thorens-1024x471.jpg 1024w, https:\/\/www.ski-tour-guide.com\/wp-content\/uploads\/2017\/11\/3-refuge-du-fond-des-fours-partenaires-maison-des-guides-et-de-la-montagne-ski-tour-safari-3-vallees-val-thorens-705x324.jpg 705w\" sizes=\"(max-width: 1586px) 100vw, 1586px\" \/><\/a><\/p>\n<\/div>\n<\/div>\n<\/div>\n<\/div>\n<\/div>\n<\/div>\n<div class=\"standard_wrapper\">\n<div  class=\"one_third last withsmallpadding ppb_text\" style=\"padding:30px 0 30px 0;\" >\n<div class=\"standard_wrapper\">\n<div class=\"page_content_wrapper\">\n<div class=\"inner\">\n<div style=\"margin:auto;width:100%\">\n<p style=\"text-align: center;\"><a href=\"http:\/\/www.vanoise-refugedupalet.com\/\" target=\"_blank\" rel=\"noopener\"><strong>Refuge du col du Palet<\/strong><\/a><\/p>\n<p style=\"text-align: center;\"><a href=\"http:\/\/www.vanoise-refugedupalet.com\/\" target=\"_blank\" rel=\"noopener\"><img decoding=\"async\" loading=\"lazy\" class=\"alignnone wp-image-17774 size-full\" src=\"https:\/\/www.ski-tour-guide.com\/wp-content\/uploads\/2017\/11\/4-refuge-col-palet-partenaires-maison-des-guides-et-de-la-montagne-ski-tour-safari-3-vallees-val-thorens.jpg\" alt=\"\" width=\"1586\" height=\"729\" srcset=\"https:\/\/www.ski-tour-guide.com\/wp-content\/uploads\/2017\/11\/4-refuge-col-palet-partenaires-maison-des-guides-et-de-la-montagne-ski-tour-safari-3-vallees-val-thorens.jpg 1586w, https:\/\/www.ski-tour-guide.com\/wp-content\/uploads\/2017\/11\/4-refuge-col-palet-partenaires-maison-des-guides-et-de-la-montagne-ski-tour-safari-3-vallees-val-thorens-300x138.jpg 300w, https:\/\/www.ski-tour-guide.com\/wp-content\/uploads\/2017\/11\/4-refuge-col-palet-partenaires-maison-des-guides-et-de-la-montagne-ski-tour-safari-3-vallees-val-thorens-768x353.jpg 768w, https:\/\/www.ski-tour-guide.com\/wp-content\/uploads\/2017\/11\/4-refuge-col-palet-partenaires-maison-des-guides-et-de-la-montagne-ski-tour-safari-3-vallees-val-thorens-1024x471.jpg 1024w, https:\/\/www.ski-tour-guide.com\/wp-content\/uploads\/2017\/11\/4-refuge-col-palet-partenaires-maison-des-guides-et-de-la-montagne-ski-tour-safari-3-vallees-val-thorens-705x324.jpg 705w\" sizes=\"(max-width: 1586px) 100vw, 1586px\" \/><\/a><\/p>\n<\/div>\n<\/div>\n<\/div>\n<\/div>\n<\/div>\n<\/div>\n<div class=\"standard_wrapper\">\n<div  class=\"one_third withsmallpadding ppb_text\" style=\"padding:30px 0 30px 0;\" >\n<div class=\"standard_wrapper\">\n<div class=\"page_content_wrapper\">\n<div class=\"inner\">\n<div style=\"margin:auto;width:100%\">\n<p style=\"text-align: center;\"><a href=\"http:\/\/www.refuge-balme-tarentaise.fr\/\" target=\"_blank\" rel=\"noopener\"><strong>Refuge de La Balme<\/strong><\/a><\/p>\n<p style=\"text-align: center;\"><a href=\"http:\/\/www.refuge-balme-tarentaise.fr\/\" target=\"_blank\" rel=\"noopener\"><img decoding=\"async\" loading=\"lazy\" class=\"alignnone wp-image-17778 size-full\" src=\"https:\/\/www.ski-tour-guide.com\/wp-content\/uploads\/2017\/11\/5-refuge-balme-partenaires-maison-des-guides-et-de-la-montagne-ski-tour-safari-3-vallees-val-thorens.jpg\" alt=\"\" width=\"1586\" height=\"729\" srcset=\"https:\/\/www.ski-tour-guide.com\/wp-content\/uploads\/2017\/11\/5-refuge-balme-partenaires-maison-des-guides-et-de-la-montagne-ski-tour-safari-3-vallees-val-thorens.jpg 1586w, https:\/\/www.ski-tour-guide.com\/wp-content\/uploads\/2017\/11\/5-refuge-balme-partenaires-maison-des-guides-et-de-la-montagne-ski-tour-safari-3-vallees-val-thorens-300x138.jpg 300w, https:\/\/www.ski-tour-guide.com\/wp-content\/uploads\/2017\/11\/5-refuge-balme-partenaires-maison-des-guides-et-de-la-montagne-ski-tour-safari-3-vallees-val-thorens-768x353.jpg 768w, https:\/\/www.ski-tour-guide.com\/wp-content\/uploads\/2017\/11\/5-refuge-balme-partenaires-maison-des-guides-et-de-la-montagne-ski-tour-safari-3-vallees-val-thorens-1024x471.jpg 1024w, https:\/\/www.ski-tour-guide.com\/wp-content\/uploads\/2017\/11\/5-refuge-balme-partenaires-maison-des-guides-et-de-la-montagne-ski-tour-safari-3-vallees-val-thorens-705x324.jpg 705w\" sizes=\"(max-width: 1586px) 100vw, 1586px\" \/><\/a><\/p>\n<\/div>\n<\/div>\n<\/div>\n<\/div>\n<\/div>\n<\/div>\n<div class=\"standard_wrapper\">\n<div  class=\"one_third withsmallpadding ppb_text\" style=\"padding:30px 0 30px 0;\" >\n<div class=\"standard_wrapper\">\n<div class=\"page_content_wrapper\">\n<div class=\"inner\">\n<div style=\"margin:auto;width:100%\">\n<p style=\"text-align: center;\"><a href=\"http:\/\/www.alpes-mediation-animale.tk\/\" target=\"_blank\" rel=\"noopener\"><strong>Alpes M\u00e9diation Animale<\/strong><\/a><\/p>\n<p style=\"text-align: center;\"><a href=\"http:\/\/www.alpes-mediation-animale.tk\/\" target=\"_blank\" rel=\"noopener\"><img decoding=\"async\" loading=\"lazy\" class=\"alignnone wp-image-17785 size-full\" src=\"https:\/\/www.ski-tour-guide.com\/wp-content\/uploads\/2017\/11\/6-alpes-mediation-animale-partenaires-maison-des-guides-et-de-la-montagne-ski-tour-safari-3-vallees-val-thorens.jpg\" alt=\"\" width=\"1586\" height=\"729\" srcset=\"https:\/\/www.ski-tour-guide.com\/wp-content\/uploads\/2017\/11\/6-alpes-mediation-animale-partenaires-maison-des-guides-et-de-la-montagne-ski-tour-safari-3-vallees-val-thorens.jpg 1586w, https:\/\/www.ski-tour-guide.com\/wp-content\/uploads\/2017\/11\/6-alpes-mediation-animale-partenaires-maison-des-guides-et-de-la-montagne-ski-tour-safari-3-vallees-val-thorens-300x138.jpg 300w, https:\/\/www.ski-tour-guide.com\/wp-content\/uploads\/2017\/11\/6-alpes-mediation-animale-partenaires-maison-des-guides-et-de-la-montagne-ski-tour-safari-3-vallees-val-thorens-768x353.jpg 768w, https:\/\/www.ski-tour-guide.com\/wp-content\/uploads\/2017\/11\/6-alpes-mediation-animale-partenaires-maison-des-guides-et-de-la-montagne-ski-tour-safari-3-vallees-val-thorens-1024x471.jpg 1024w, https:\/\/www.ski-tour-guide.com\/wp-content\/uploads\/2017\/11\/6-alpes-mediation-animale-partenaires-maison-des-guides-et-de-la-montagne-ski-tour-safari-3-vallees-val-thorens-705x324.jpg 705w\" sizes=\"(max-width: 1586px) 100vw, 1586px\" \/><\/a><\/p>\n<\/div>\n<\/div>\n<\/div>\n<\/div>\n<\/div>\n<\/div>\n<div class=\"standard_wrapper\">\n<div  class=\"one_third last withsmallpadding ppb_text\" style=\"padding:30px 0 30px 0;\" >\n<div class=\"standard_wrapper\">\n<div class=\"page_content_wrapper\">\n<div class=\"inner\">\n<div style=\"margin:auto;width:100%\">\n<p style=\"text-align: center;\"><a href=\"http:\/\/www.beal-planet.com\/\" target=\"_blank\" rel=\"noopener\"><strong>Les cordes BEAL<\/strong><\/a><\/p>\n<p style=\"text-align: center;\"><a href=\"http:\/\/www.beal-planet.com\/\" target=\"_blank\" rel=\"noopener\"><img decoding=\"async\" loading=\"lazy\" class=\"alignnone wp-image-17789 size-full\" src=\"https:\/\/www.ski-tour-guide.com\/wp-content\/uploads\/2017\/11\/1-2-beal-partenaires-maison-des-guides-et-de-la-montagne-ski-tour-safari-3-vallees-val-thorens.jpg\" alt=\"\" width=\"1586\" height=\"729\" srcset=\"https:\/\/www.ski-tour-guide.com\/wp-content\/uploads\/2017\/11\/1-2-beal-partenaires-maison-des-guides-et-de-la-montagne-ski-tour-safari-3-vallees-val-thorens.jpg 1586w, https:\/\/www.ski-tour-guide.com\/wp-content\/uploads\/2017\/11\/1-2-beal-partenaires-maison-des-guides-et-de-la-montagne-ski-tour-safari-3-vallees-val-thorens-300x138.jpg 300w, https:\/\/www.ski-tour-guide.com\/wp-content\/uploads\/2017\/11\/1-2-beal-partenaires-maison-des-guides-et-de-la-montagne-ski-tour-safari-3-vallees-val-thorens-768x353.jpg 768w, https:\/\/www.ski-tour-guide.com\/wp-content\/uploads\/2017\/11\/1-2-beal-partenaires-maison-des-guides-et-de-la-montagne-ski-tour-safari-3-vallees-val-thorens-1024x471.jpg 1024w, https:\/\/www.ski-tour-guide.com\/wp-content\/uploads\/2017\/11\/1-2-beal-partenaires-maison-des-guides-et-de-la-montagne-ski-tour-safari-3-vallees-val-thorens-705x324.jpg 705w\" sizes=\"(max-width: 1586px) 100vw, 1586px\" \/><\/a><\/p>\n<\/div>\n<\/div>\n<\/div>\n<\/div>\n<\/div>\n<\/div>\n<div class=\"standard_wrapper\">\n<div  class=\"one_third withsmallpadding ppb_text\" style=\"padding:30px 0 30px 0;\" >\n<div class=\"standard_wrapper\">\n<div class=\"page_content_wrapper\">\n<div class=\"inner\">\n<div style=\"margin:auto;width:100%\">\n<p style=\"text-align: center;\"><a href=\"https:\/\/www.soleildescimes.com\/\" target=\"_blank\" rel=\"noopener\"><strong>Soleil des Cimes<\/strong><\/a><\/p>\n<p style=\"text-align: center;\"><a href=\"https:\/\/www.soleildescimes.com\/\" target=\"_blank\" rel=\"noopener\"><img decoding=\"async\" loading=\"lazy\" class=\"alignnone wp-image-17778 size-full\" src=\"https:\/\/www.ski-tour-guide.com\/wp-content\/uploads\/2023\/09\/6-soleil-des-cimes-partenaires-maison-des-guides-et-de-la-montagne-ski-tour-safari-3-vallees-val-thorens.jpg\" alt=\"\" width=\"1586\" height=\"729\" \/><\/a><\/p>\n<\/div>\n<\/div>\n<\/div>\n<\/div>\n<\/div>\n<\/div>\n<div class=\"standard_wrapper\">\n<div  class=\"one_third withsmallpadding ppb_text\" style=\"padding:30px 0 30px 0;\" >\n<div class=\"standard_wrapper\">\n<div class=\"page_content_wrapper\">\n<div class=\"inner\">\n<div style=\"margin:auto;width:100%\">\n<p style=\"text-align: center;\"><a href=\"https:\/\/altitude-eyewear.com\/\" target=\"_blank\" rel=\"noopener\"><strong>Altitude Eyewear<\/strong><\/a><\/p>\n<p style=\"text-align: center;\"><a href=\"https:\/\/altitude-eyewear.com\/\" target=\"_blank\" rel=\"noopener\"><img decoding=\"async\" loading=\"lazy\" class=\"alignnone wp-image-17785 size-full\" src=\"https:\/\/www.ski-tour-guide.com\/wp-content\/uploads\/2023\/09\/7-altitude-eyeswear-partenaires-maison-des-guides-et-de-la-montagne-ski-tour-safari-3-vallees-val-thorens.jpg\" alt=\"\" width=\"1586\" height=\"729\" \/><\/a><\/p>\n<\/div>\n<\/div>\n<\/div>\n<\/div>\n<\/div>\n<\/div>\n","protected":false},"excerpt":{"rendered":"<p>ZAG Ski Grivel Guide Ski Val d&rsquo;Is\u00e8re Yann Moniteur Ski &#038; Snowboard Val d&rsquo;Is\u00e8re Refuge du Fond des Fours Refuge du col du Palet Refuge de La Balme Alpes M\u00e9diation Animale Les cordes BEAL Soleil des Cimes Altitude Eyewear<\/p>\n","protected":false},"author":1,"featured_media":20610,"parent":0,"menu_order":0,"comment_status":"open","ping_status":"open","template":"","meta":[],"_links":{"self":[{"href":"https:\/\/www.ski-tour-guide.com\/en\/wp-json\/wp\/v2\/pages\/18135"}],"collection":[{"href":"https:\/\/www.ski-tour-guide.com\/en\/wp-json\/wp\/v2\/pages"}],"about":[{"href":"https:\/\/www.ski-tour-guide.com\/en\/wp-json\/wp\/v2\/types\/page"}],"author":[{"embeddable":true,"href":"https:\/\/www.ski-tour-guide.com\/en\/wp-json\/wp\/v2\/users\/1"}],"replies":[{"embeddable":true,"href":"https:\/\/www.ski-tour-guide.com\/en\/wp-json\/wp\/v2\/comments?post=18135"}],"version-history":[{"count":25,"href":"https:\/\/www.ski-tour-guide.com\/en\/wp-json\/wp\/v2\/pages\/18135\/revisions"}],"predecessor-version":[{"id":21757,"href":"https:\/\/www.ski-tour-guide.com\/en\/wp-json\/wp\/v2\/pages\/18135\/revisions\/21757"}],"wp:featuredmedia":[{"embeddable":true,"href":"https:\/\/www.ski-tour-guide.com\/en\/wp-json\/wp\/v2\/media\/20610"}],"wp:attachment":[{"href":"https:\/\/www.ski-tour-guide.com\/en\/wp-json\/wp\/v2\/media?parent=18135"}],"curies":[{"name":"wp","href":"https:\/\/api.w.org\/{rel}","templated":true}]}}