{"id":17608,"date":"2017-10-30T12:07:32","date_gmt":"2017-10-30T11:07:32","guid":{"rendered":"http:\/\/www.ski-tour-guide.com\/journee-ski-de-randonnee-sur-glacier-de-gebroulaz\/"},"modified":"2025-09-08T14:09:40","modified_gmt":"2025-09-08T12:09:40","slug":"gebroulaz-glacier-mountain-guide-val-thorens","status":"publish","type":"page","link":"https:\/\/www.ski-tour-guide.com\/en\/gebroulaz-glacier-mountain-guide-val-thorens\/","title":{"rendered":"Gebroulaz Glacier, the Vanoise \u00ab Vall\u00e9e Blanche \u00bb from Val Thorens, Les Menuires or Saint-Martin de Belleville"},"content":{"rendered":"<div  class=\"one withsmallpadding ppb_header \" style=\"text-align:left;padding:30px 0 30px 0;\" >\n<div class=\"standard_wrapper\">\n<div class=\"page_content_wrapper\">\n<div class=\"inner\">\n<div style=\"margin:auto;width:100%\">\n<h2 class=\"ppb_title\" style=\"\">Let go with one of our mountain guide skiing the longest vanoise glacier in the heart of the national park, among crevases and seracs.<\/h2>\n<div class=\"page_header_sep left\"><\/div>\n<\/div>\n<\/div>\n<\/div>\n<\/div>\n<\/div>\n<div  class=\"one withsmallpadding ppb_text\" style=\"padding:30px 0 30px 0;\" >\n<div class=\"standard_wrapper\">\n<div class=\"page_content_wrapper\">\n<div class=\"inner\">\n<div style=\"margin:auto;width:100%\">\n<p style=\"text-align: center;\">Amazing \u00ab\u00a0Vall\u00e9e Blanche\u00a0\u00bb of the Vanoise mountains. Our G\u00e9broulaz\u00a0Glacier is 20 km long, it is the \u00ab\u00a0Vall\u00e9e Blanche\u00a0\u00bb of La Vanoise\u00a0\u00bb. From Val Thorens.<\/p>\n<p style=\"text-align: center;\">A day Ski-tour on glacier\u00a0: This is a great day ski-trip in middle of glaciers, in wonderful landscapes!!<\/p>\n<p style=\"text-align: center;\">We generally ski down to M\u00e9ribel 3 Vall\u00e9es, easy off-piste skiing along the glacier or, after skiing the G\u00e9broulaz glacier we skin up to Col du Borgne and Col St Andr\u00e9 so as to finish skiing down the ouest couloirs back to Val Thorens\u2026.<\/p>\n<h6 style=\"text-align: center;\"><a href=\"#inscription\">Inscription<\/a><\/h6>\n<\/div>\n<\/div>\n<\/div>\n<\/div>\n<\/div>\n<div  class=\"one withsmallpadding ppb_text\" style=\"padding:30px 0 30px 0;\" >\n<div class=\"standard_wrapper\">\n<div class=\"page_content_wrapper\">\n<div class=\"inner\">\n<div style=\"margin:auto;width:100%\">\n<p style=\"text-align: center;\">Amazing \u00ab\u00a0Vall\u00e9e Blanche\u00a0\u00bb of the Vanoise mountains. Our G\u00e9broulaz\u00a0Glacier is 20 km long, it is the \u00ab\u00a0Vall\u00e9e Blanche\u00a0\u00bb of La Vanoise\u00a0\u00bb. From Val Thorens.<\/p>\n<p style=\"text-align: center;\">A day Ski-tour on glacier\u00a0: This is a great day ski-trip in middle of glaciers, in wonderful landscapes!!<\/p>\n<p style=\"text-align: center;\">We generally ski down to M\u00e9ribel 3 Vall\u00e9es, easy off-piste skiing along the glacier or, after skiing the G\u00e9broulaz glacier we skin up to Col du Borgne and Col St Andr\u00e9 so as to finish skiing down the ouest couloirs back to Val Thorens\u2026.<\/p>\n<h6 style=\"text-align: center;\"><a href=\"#inscription\">Inscription<\/a><\/h6>\n<\/div>\n<\/div>\n<\/div>\n<\/div>\n<\/div>\n<div  class=\"one withsmallpadding ppb_text\" style=\"padding:30px 0 30px 0;\" >\n<div class=\"standard_wrapper\">\n<div class=\"page_content_wrapper\">\n<div class=\"inner\">\n<div style=\"margin:auto;width:100%\">\n<p style=\"text-align: center;\"><img decoding=\"async\" loading=\"lazy\" class=\"aligncenter wp-image-16366\" src=\"https:\/\/www.ski-tour-guide.com\/wp-content\/uploads\/2017\/10\/settings.png\" alt=\"\" width=\"50\" height=\"50\" srcset=\"https:\/\/www.ski-tour-guide.com\/wp-content\/uploads\/2017\/10\/settings.png 128w, https:\/\/www.ski-tour-guide.com\/wp-content\/uploads\/2017\/10\/settings-109x109.png 109w, https:\/\/www.ski-tour-guide.com\/wp-content\/uploads\/2017\/10\/settings-100x100.png 100w\" sizes=\"(max-width: 50px) 100vw, 50px\" \/><\/p>\n<h3 style=\"text-align: center;\">Level<\/h3>\n<p style=\"text-align: center;\">Easy off-piste but you need to have an intermediate level in off-piste <u>and ski-touring<\/u>.<\/p>\n<\/div>\n<\/div>\n<\/div>\n<\/div>\n<\/div>\n<div  class=\"one withsmallpadding ppb_text\" style=\"padding:30px 0 30px 0;\" >\n<div class=\"standard_wrapper\">\n<div class=\"page_content_wrapper\">\n<div class=\"inner\">\n<div style=\"margin:auto;width:100%\">\n<h3 style=\"text-align: center;\"><img decoding=\"async\" loading=\"lazy\" class=\"aligncenter wp-image-16602\" src=\"https:\/\/www.ski-tour-guide.com\/wp-content\/uploads\/2017\/10\/share2.png\" alt=\"\" width=\"50\" height=\"50\" srcset=\"https:\/\/www.ski-tour-guide.com\/wp-content\/uploads\/2017\/10\/share2.png 128w, https:\/\/www.ski-tour-guide.com\/wp-content\/uploads\/2017\/10\/share2-109x109.png 109w, https:\/\/www.ski-tour-guide.com\/wp-content\/uploads\/2017\/10\/share2-100x100.png 100w\" sizes=\"(max-width: 50px) 100vw, 50px\" \/><\/h3>\n<h3 style=\"text-align: center;\"><span style=\"color: #ffffff;\">Group<\/span><\/h3>\n<p style=\"text-align: center;\">4 to 8 persons.<\/p>\n<\/div>\n<\/div>\n<\/div>\n<\/div>\n<\/div>\n<div  class=\"one withsmallpadding ppb_text\" style=\"padding:30px 0 30px 0;\" >\n<div class=\"standard_wrapper\">\n<div class=\"page_content_wrapper\">\n<div class=\"inner\">\n<div style=\"margin:auto;width:100%\">\n<h3><img decoding=\"async\" loading=\"lazy\" class=\"alignnone wp-image-16368 aligncenter\" src=\"https:\/\/www.ski-tour-guide.com\/wp-content\/uploads\/2017\/10\/timer.png\" alt=\"\" width=\"50\" height=\"50\" srcset=\"https:\/\/www.ski-tour-guide.com\/wp-content\/uploads\/2017\/10\/timer.png 128w, https:\/\/www.ski-tour-guide.com\/wp-content\/uploads\/2017\/10\/timer-109x109.png 109w, https:\/\/www.ski-tour-guide.com\/wp-content\/uploads\/2017\/10\/timer-100x100.png 100w\" sizes=\"(max-width: 50px) 100vw, 50px\" \/><\/h3>\n<h3 style=\"text-align: center;\">Duration<\/h3>\n<p style=\"text-align: center;\">Day Ski-tour on glacier<\/p>\n<\/div>\n<\/div>\n<\/div>\n<\/div>\n<\/div>\n<div  class=\"one withsmallpadding ppb_text\" style=\"padding:30px 0 30px 0;\" >\n<div class=\"standard_wrapper\">\n<div class=\"page_content_wrapper\">\n<div class=\"inner\">\n<div style=\"margin:auto;width:100%\">\n<h3><img decoding=\"async\" loading=\"lazy\" class=\"wp-image-16414 aligncenter\" src=\"https:\/\/www.ski-tour-guide.com\/wp-content\/uploads\/2017\/10\/profile2.png\" alt=\"\" width=\"50\" height=\"50\" srcset=\"https:\/\/www.ski-tour-guide.com\/wp-content\/uploads\/2017\/10\/profile2.png 128w, https:\/\/www.ski-tour-guide.com\/wp-content\/uploads\/2017\/10\/profile2-109x109.png 109w, https:\/\/www.ski-tour-guide.com\/wp-content\/uploads\/2017\/10\/profile2-100x100.png 100w\" sizes=\"(max-width: 50px) 100vw, 50px\" \/><\/h3>\n<h3 style=\"text-align: center;\"><span style=\"color: #ffffff;\">Guiding by<\/span><\/h3>\n<p style=\"text-align: center;\">UIAGM mountain guide.<br \/>\nMost of our tours, ski-tours and courses are coached-guided by <strong>UIAGM ski and mountain guides of Savoie Mont-Blanc<\/strong><\/p>\n<\/div>\n<\/div>\n<\/div>\n<\/div>\n<\/div>\n<div  class=\"one withsmallpadding ppb_text\" style=\"padding:30px 0 30px 0;\" >\n<div class=\"standard_wrapper\">\n<div class=\"page_content_wrapper\">\n<div class=\"inner\">\n<div style=\"margin:auto;width:100%\">\n<h3><img decoding=\"async\" loading=\"lazy\" class=\"alignnone wp-image-16363 aligncenter\" src=\"https:\/\/www.ski-tour-guide.com\/wp-content\/uploads\/2017\/10\/info.png\" alt=\"\" width=\"50\" height=\"50\" srcset=\"https:\/\/www.ski-tour-guide.com\/wp-content\/uploads\/2017\/10\/info.png 128w, https:\/\/www.ski-tour-guide.com\/wp-content\/uploads\/2017\/10\/info-109x109.png 109w, https:\/\/www.ski-tour-guide.com\/wp-content\/uploads\/2017\/10\/info-100x100.png 100w\" sizes=\"(max-width: 50px) 100vw, 50px\" \/><\/h3>\n<h3 style=\"text-align: center;\">Period<\/h3>\n<p style=\"text-align: center;\"><strong><u>January until mid-MAY or late May<\/u><\/strong><\/p>\n<p style=\"text-align: center;\"><strong><u>Dates<\/u><\/strong>: a DAY tour every week from mid-January to mid-May<\/p>\n<\/div>\n<\/div>\n<\/div>\n<\/div>\n<\/div>\n<div  class=\"one withsmallpadding ppb_text\" style=\"padding:30px 0 30px 0;\" >\n<div class=\"standard_wrapper\">\n<div class=\"page_content_wrapper\">\n<div class=\"inner\">\n<div style=\"margin:auto;width:100%\">\n<h3><img decoding=\"async\" loading=\"lazy\" class=\"alignnone wp-image-16362 aligncenter\" src=\"https:\/\/www.ski-tour-guide.com\/wp-content\/uploads\/2017\/10\/favorite2.png\" alt=\"\" width=\"50\" height=\"50\" \/><\/h3>\n<h3 style=\"text-align: center;\"><span style=\"color: #ffffff;\">Price<\/span><\/h3>\n<p style=\"text-align: center;\"><strong>GROUP SESSION FULL DAY<\/strong><\/p>\n<p style=\"text-align: center;\"><strong>\u00a0170 euros per person, with a minimum of 4 persons<\/strong><\/p>\n<p style=\"text-align: center;\"><strong>PRIVATE DAY<\/strong><\/p>\n<p style=\"text-align: center;\"><strong> 650 euros for a day\u00a0 with 4 persons maximum (then +30 euros per extra participant)<\/strong><\/p>\n<p style=\"text-align: center;\"><strong><u>We will provide and lend you: DVA transceivers, shovels, pprobes, harnesses (and walking crampons for going down the ridge).<\/u><\/strong><\/p>\n<p style=\"text-align: center;\"><strong><u>Our price includes only<\/u><\/strong><strong>: guiding-ski coaching, the loan of collective safety gear like a DVA transceiver for each of you, a shovel, a probe, a harness.<\/strong><\/p>\n<p style=\"text-align: center;\"><strong>Doesn\u2019t include: skis and personal gear rental, the insurance (R.C. + rescue), the possible fares in taxis, ski-passes (if any needed), and gear\/skis rental at your own expenses<\/strong><\/p>\n<\/div>\n<\/div>\n<\/div>\n<\/div>\n<\/div>\n<div  class=\"one withsmallpadding ppb_text\" style=\"padding:30px 0 30px 0;\" >\n<div class=\"standard_wrapper\">\n<div class=\"page_content_wrapper\">\n<div class=\"inner\">\n<div style=\"margin:auto;width:100%\">\n<h3 id=\"inscription\"><img decoding=\"async\" loading=\"lazy\" class=\"wp-image-16420 aligncenter\" src=\"https:\/\/www.ski-tour-guide.com\/wp-content\/uploads\/2017\/10\/shopping-cart.png\" alt=\"\" width=\"50\" height=\"50\" srcset=\"https:\/\/www.ski-tour-guide.com\/wp-content\/uploads\/2017\/10\/shopping-cart.png 128w, https:\/\/www.ski-tour-guide.com\/wp-content\/uploads\/2017\/10\/shopping-cart-109x109.png 109w, https:\/\/www.ski-tour-guide.com\/wp-content\/uploads\/2017\/10\/shopping-cart-100x100.png 100w\" sizes=\"(max-width: 50px) 100vw, 50px\" \/><\/h3>\n<h3 style=\"text-align: center;\">Reservation request<\/h3>\n<p style=\"text-align: center;\">\n<div class=\"wpcf7 no-js\" id=\"wpcf7-f17540-o2\" lang=\"fr-FR\" dir=\"ltr\">\n<div class=\"screen-reader-response\">\n<p role=\"status\" aria-live=\"polite\" aria-atomic=\"true\">\n<ul><\/ul>\n<\/div>\n<form action=\"\/wp-admin\/post.php#wpcf7-f17540-o2\" method=\"post\" class=\"wpcf7-form init\" aria-label=\"Formulaire de contact\" novalidate=\"novalidate\" data-status=\"init\">\n<div style=\"display: none;\">\n<input type=\"hidden\" name=\"_wpcf7\" value=\"17540\" \/><br \/>\n<input type=\"hidden\" name=\"_wpcf7_version\" value=\"5.8.2\" \/><br \/>\n<input type=\"hidden\" name=\"_wpcf7_locale\" value=\"fr_FR\" \/><br \/>\n<input type=\"hidden\" name=\"_wpcf7_unit_tag\" value=\"wpcf7-f17540-o2\" \/><br \/>\n<input type=\"hidden\" name=\"_wpcf7_container_post\" value=\"0\" \/><br \/>\n<input type=\"hidden\" name=\"_wpcf7_posted_data_hash\" value=\"\" \/>\n<\/div>\n<p><!-- CF7 Modules --><\/p>\n<div style='display:none;'><input type=\"hidden\" class=\"wpcf7-form-control wpcf7-hidden\" name=\"title\" placeholder=\"\" value=\"Gebroulaz Glacier, the Vanoise \u00ab Vall\u00e9e Blanche \u00bb from Val Thorens, Les Menuires or Saint-Martin de Belleville\" \/><input type=\"hidden\" class=\"wpcf7-form-control wpcf7-hidden\" name=\"url\" placeholder=\"\" value=\"https:\/\/www.ski-tour-guide.com\/en\/gebroulaz-glacier-mountain-guide-val-thorens\/\" \/>\n<\/div>\n<p><!-- End CF7 Modules --><\/p>\n<p style=\"text-align: center;\">You wish to make a reservation request for this product\n<\/p>\n<p><label> Your Name*<br \/>\n<span class=\"wpcf7-form-control-wrap\" data-name=\"your-name\"><input size=\"40\" class=\"wpcf7-form-control wpcf7-text wpcf7-validates-as-required\" aria-required=\"true\" aria-invalid=\"false\" value=\"\" type=\"text\" name=\"your-name\" \/><\/span> <\/label>\n<\/p>\n<p><label> Your email*<br \/>\n<span class=\"wpcf7-form-control-wrap\" data-name=\"your-email\"><input size=\"40\" class=\"wpcf7-form-control wpcf7-email wpcf7-validates-as-required wpcf7-text wpcf7-validates-as-email\" aria-required=\"true\" aria-invalid=\"false\" value=\"\" type=\"email\" name=\"your-email\" \/><\/span> <\/label>\n<\/p>\n<p><label> Your Phone Number*<br \/>\n<span class=\"wpcf7-form-control-wrap\" data-name=\"your-tel\"><input size=\"40\" class=\"wpcf7-form-control wpcf7-tel wpcf7-validates-as-required wpcf7-text wpcf7-validates-as-tel\" aria-required=\"true\" aria-invalid=\"false\" value=\"\" type=\"tel\" name=\"your-tel\" \/><\/span> <\/label>\n<\/p>\n<p><label> Your message<br \/>\n<span class=\"wpcf7-form-control-wrap\" data-name=\"your-message\"><textarea cols=\"40\" rows=\"10\" class=\"wpcf7-form-control wpcf7-textarea\" aria-invalid=\"false\" name=\"your-message\"><\/textarea><\/span> <\/label>\n<\/p>\n<p><input class=\"wpcf7-form-control wpcf7-submit has-spinner\" type=\"submit\" value=\"Envoyer\" \/>\n<\/p>\n<div class=\"wpcf7-response-output\" aria-hidden=\"true\"><\/div>\n<\/form>\n<\/div>\n<\/div>\n<\/div>\n<\/div>\n<\/div>\n<\/div>\n<div  class=\"one withsmallpadding ppb_text\" style=\"padding:30px 0 30px 0;\" >\n<div class=\"standard_wrapper\">\n<div class=\"page_content_wrapper\">\n<div class=\"inner\">\n<div style=\"margin:auto;width:100%\">\n<h6 style=\"text-align: center;\"><a href=\"https:\/\/www.ski-tour-guide.com\/en\/portfolios\/ski-touring-backcountry-skiing\/\">Back to SKI-TOURING \/ BACKCOUNTRY SKIING products<\/a><\/h6>\n<\/div>\n<\/div>\n<\/div>\n<\/div>\n<\/div>\n","protected":false},"excerpt":{"rendered":"<p>Let go with one of our mountain guide skiing the longest vanoise glacier in the heart of the national park, among crevases and seracs. Amazing \u00ab\u00a0Vall\u00e9e Blanche\u00a0\u00bb of the Vanoise mountains. Our G\u00e9broulaz\u00a0Glacier is 20 km long, it is the [&hellip;]<\/p>\n","protected":false},"author":1,"featured_media":0,"parent":0,"menu_order":0,"comment_status":"closed","ping_status":"closed","template":"","meta":[],"_links":{"self":[{"href":"https:\/\/www.ski-tour-guide.com\/en\/wp-json\/wp\/v2\/pages\/17608"}],"collection":[{"href":"https:\/\/www.ski-tour-guide.com\/en\/wp-json\/wp\/v2\/pages"}],"about":[{"href":"https:\/\/www.ski-tour-guide.com\/en\/wp-json\/wp\/v2\/types\/page"}],"author":[{"embeddable":true,"href":"https:\/\/www.ski-tour-guide.com\/en\/wp-json\/wp\/v2\/users\/1"}],"replies":[{"embeddable":true,"href":"https:\/\/www.ski-tour-guide.com\/en\/wp-json\/wp\/v2\/comments?post=17608"}],"version-history":[{"count":51,"href":"https:\/\/www.ski-tour-guide.com\/en\/wp-json\/wp\/v2\/pages\/17608\/revisions"}],"predecessor-version":[{"id":22120,"href":"https:\/\/www.ski-tour-guide.com\/en\/wp-json\/wp\/v2\/pages\/17608\/revisions\/22120"}],"wp:attachment":[{"href":"https:\/\/www.ski-tour-guide.com\/en\/wp-json\/wp\/v2\/media?parent=17608"}],"curies":[{"name":"wp","href":"https:\/\/api.w.org\/{rel}","templated":true}]}}