{"id":17495,"date":"2017-11-01T11:49:54","date_gmt":"2017-11-01T10:49:54","guid":{"rendered":"http:\/\/www.ski-tour-guide.com\/stage-de-ski-de-randonnee-en-etoile-val-disere\/"},"modified":"2018-12-22T12:13:16","modified_gmt":"2018-12-22T11:13:16","slug":"val-disere-prariond-day-ski-tours-from-the-base-camp-prariond-hut","status":"publish","type":"page","link":"https:\/\/www.ski-tour-guide.com\/en\/ski-touring-mountain-guide-backcountry-savoie-mont-blanc\/val-disere-prariond-day-ski-tours-from-the-base-camp-prariond-hut\/","title":{"rendered":"Val d\u2019Is\u00e8re PRARIOND DAY ski-tours, from \u00abthe base camp-Prariond hut\u00a0\u00bb"},"content":{"rendered":"<div  class=\"one withsmallpadding ppb_text\" style=\"padding-bottom: 30px !important;padding:30px 0 30px 0;\" >\n<div class=\"standard_wrapper\">\n<div class=\"page_content_wrapper\">\n<div class=\"inner\">\n<div style=\"margin:auto;width:100%\">\n<p style=\"text-align: center;\">\u00a0<strong>A week of great adventure skiing in glaciers background, on glaciers and peaks.<\/strong><br \/>\nThis ski-tour makes you discover the remarkable glaciers and off-ski slopes of the Vanoise mountains.<\/p>\n<p style=\"text-align: center;\">On skis, we will skin up and ski down some passes and glacier summits, for example the summits of Grande Aiguille rousse (3482 m) and Galise (3343 m), the Gros Cavall and Grand Cocor, so and so\u2026<\/p>\n<p style=\"text-align: center;\">Vanoise is probably one of the wildest and most beautiful wilderness areas in Europe. To the ski tourer and mountaineer, it&rsquo;s a remote paradise!<\/p>\n<p style=\"text-align: center;\"><strong>Six days of intensive and highly rewarding ski-mountaineering crammed with big ascents and &lsquo;out-there&rsquo; descents plus at least one night in one of the most stunning huts in the Alps! This tour is the jewel in the crown of the Vanoise area and is ideal for experienced ski tourers and mountaineers looking for a challenging yet highly rewarding week<\/strong>.<\/p>\n<p style=\"text-align: center;\">This is a rather difficult and very committed hut to hut ski-tour, in which we will skin up and ski some high passes and big glacier summits of the Eastern and central Vanoise range. We will ascend and ski down for example the summits of the G\u00e9broulaz pass (col) and peak, D\u00f4me de Chassefor\u00eat, the R\u00e9chasse peak, sometimes even the M\u00e9an Martin, and the Pointe de la Sana before skiing down to Val d\u2019Is\u00e8re. . We will also enjoy the pleasure of the big off-piste skiing in virgin and protected spaces.<\/p>\n<p style=\"text-align: center;\"><u>The key points of this week ski-tour<br \/>\n<\/u><strong>\u2022 We will do a lot of skiing, much more on the famous Chamonix-Zermatt HAUTE ROUTE!!<br \/>\n<\/strong>A drop in the heart of the massifs of Vanoise and Gran Paradiso (4061 m), several summits and glacier passes of more than 3 000 m.<br \/>\n<strong>\u2022 <\/strong>A magnificent panorama of glaciers in the scenery of the mythical Cervin and Mont Blanc 4810 m.<br \/>\n<strong>\u2022 <\/strong><strong>A comfortable ski-tour, skiing <u>every day with a light rucksack<\/u> just loaded with our jackets and snacks, for a day tour.<\/strong><\/p>\n<h6 style=\"text-align: center;\"><a href=\"#inscription\">Inscription<\/a><\/h6>\n<\/div>\n<\/div>\n<\/div>\n<\/div>\n<\/div>\n<div  class=\"one fullwidth \">\n<div id=\"rev_slider_23_1_wrapper\" class=\"rev_slider_wrapper fullwidthbanner-container\" data-alias=\"stage-dinitiation-de-ski-de-randonnee-val-disere\" data-source=\"gallery\" style=\"margin:0px auto;background:#111111;padding:0px;margin-top:0px;margin-bottom:0px;\">\n<!-- START REVOLUTION SLIDER 5.4.6 fullwidth mode --><\/p>\n<div id=\"rev_slider_23_1\" class=\"rev_slider fullwidthabanner\" style=\"display:none;\" data-version=\"5.4.6\">\n<ul>\t<!-- SLIDE  --><\/p>\n<li data-index=\"rs-115\" data-transition=\"fade\" data-slotamount=\"default\" data-hideafterloop=\"0\" data-hideslideonmobile=\"off\"  data-easein=\"default\" data-easeout=\"default\" data-masterspeed=\"300\"  data-thumb=\"https:\/\/www.ski-tour-guide.com\/wp-content\/uploads\/2017\/11\/stage-initiation-rando-1-maison-des-guides-et-de-la-montagne-ski-tour-safari-3-vallees-val-thorens-100x50.jpg\"  data-rotate=\"0\"  data-fstransition=\"fade\" data-fsmasterspeed=\"1500\" data-fsslotamount=\"7\" data-saveperformance=\"off\"  data-title=\"Slide\" data-param1=\"\" data-param2=\"\" data-param3=\"\" data-param4=\"\" data-param5=\"\" data-param6=\"\" data-param7=\"\" data-param8=\"\" data-param9=\"\" data-param10=\"\" data-description=\"\">\n\t\t<!-- MAIN IMAGE --><br \/>\n\t\t<img decoding=\"async\" loading=\"lazy\" src=\"https:\/\/www.ski-tour-guide.com\/wp-content\/plugins\/revslider\/admin\/assets\/images\/dummy.png\"  alt=\"\" title=\"stage-initiation-rando-1-maison-des-guides-et-de-la-montagne-ski-tour-safari-3-vallees-val-thorens\"  width=\"1200\" height=\"676\" data-lazyload=\"https:\/\/www.ski-tour-guide.com\/wp-content\/uploads\/2017\/11\/stage-initiation-rando-1-maison-des-guides-et-de-la-montagne-ski-tour-safari-3-vallees-val-thorens.jpg\" data-bgposition=\"center center\" data-bgfit=\"cover\" data-bgrepeat=\"no-repeat\" class=\"rev-slidebg\" data-no-retina><br \/>\n\t\t<!-- LAYERS -->\n\t<\/li>\n<p>\t<!-- SLIDE  --><\/p>\n<li data-index=\"rs-116\" data-transition=\"fade\" data-slotamount=\"default\" data-hideafterloop=\"0\" data-hideslideonmobile=\"off\"  data-easein=\"default\" data-easeout=\"default\" data-masterspeed=\"300\"  data-thumb=\"https:\/\/www.ski-tour-guide.com\/wp-content\/uploads\/2017\/11\/stage-initiation-rando-2-maison-des-guides-et-de-la-montagne-ski-tour-safari-3-vallees-val-thorens-100x50.jpg\"  data-rotate=\"0\"  data-saveperformance=\"off\"  data-title=\"Slide\" data-param1=\"\" data-param2=\"\" data-param3=\"\" data-param4=\"\" data-param5=\"\" data-param6=\"\" data-param7=\"\" data-param8=\"\" data-param9=\"\" data-param10=\"\" data-description=\"\">\n\t\t<!-- MAIN IMAGE --><br \/>\n\t\t<img decoding=\"async\" loading=\"lazy\" src=\"https:\/\/www.ski-tour-guide.com\/wp-content\/plugins\/revslider\/admin\/assets\/images\/dummy.png\"  alt=\"\" title=\"stage-initiation-rando-2-maison-des-guides-et-de-la-montagne-ski-tour-safari-3-vallees-val-thorens\"  width=\"1200\" height=\"676\" data-lazyload=\"https:\/\/www.ski-tour-guide.com\/wp-content\/uploads\/2017\/11\/stage-initiation-rando-2-maison-des-guides-et-de-la-montagne-ski-tour-safari-3-vallees-val-thorens.jpg\" data-bgposition=\"center center\" data-bgfit=\"cover\" data-bgrepeat=\"no-repeat\" class=\"rev-slidebg\" data-no-retina><br \/>\n\t\t<!-- LAYERS -->\n\t<\/li>\n<p>\t<!-- SLIDE  --><\/p>\n<li data-index=\"rs-117\" data-transition=\"fade\" data-slotamount=\"default\" data-hideafterloop=\"0\" data-hideslideonmobile=\"off\"  data-easein=\"default\" data-easeout=\"default\" data-masterspeed=\"300\"  data-thumb=\"https:\/\/www.ski-tour-guide.com\/wp-content\/uploads\/2017\/11\/stage-initiation-rando-3-maison-des-guides-et-de-la-montagne-ski-tour-safari-3-vallees-val-thorens-100x50.jpg\"  data-rotate=\"0\"  data-saveperformance=\"off\"  data-title=\"Slide\" data-param1=\"\" data-param2=\"\" data-param3=\"\" data-param4=\"\" data-param5=\"\" data-param6=\"\" data-param7=\"\" data-param8=\"\" data-param9=\"\" data-param10=\"\" data-description=\"\">\n\t\t<!-- MAIN IMAGE --><br \/>\n\t\t<img decoding=\"async\" loading=\"lazy\" src=\"https:\/\/www.ski-tour-guide.com\/wp-content\/plugins\/revslider\/admin\/assets\/images\/dummy.png\"  alt=\"\" title=\"stage-initiation-rando-3-maison-des-guides-et-de-la-montagne-ski-tour-safari-3-vallees-val-thorens\"  width=\"1200\" height=\"676\" data-lazyload=\"https:\/\/www.ski-tour-guide.com\/wp-content\/uploads\/2017\/11\/stage-initiation-rando-3-maison-des-guides-et-de-la-montagne-ski-tour-safari-3-vallees-val-thorens.jpg\" data-bgposition=\"center center\" data-bgfit=\"cover\" data-bgrepeat=\"no-repeat\" class=\"rev-slidebg\" data-no-retina><br \/>\n\t\t<!-- LAYERS -->\n\t<\/li>\n<\/ul>\n<style>\n<\/style>\n<div class=\"tp-bannertimer\" style=\"height: 5px; background: rgba(0,0,0,0.15);\"><\/div>\n<\/p><\/div>\n<style><\/style>\n<p>\t\t<script type=\"text\/javascript\">\nsetREVStartSize({c: jQuery('#rev_slider_23_1'), gridwidth: [533], gridheight: [300], sliderLayout: 'fullwidth'});<\/p>\n<p>var revapi23,\n\ttpj=jQuery;<\/p>\n<p>tpj(document).ready(function() {\n\tif(tpj(\"#rev_slider_23_1\").revolution == undefined){\n\t\trevslider_showDoubleJqueryError(\"#rev_slider_23_1\");\n\t}else{\n\t\trevapi23 = tpj(\"#rev_slider_23_1\").show().revolution({\n\t\t\tsliderType:\"carousel\",\n\t\t\tjsFileLocation:\"\/\/www.ski-tour-guide.com\/wp-content\/plugins\/revslider\/public\/assets\/js\/\",\n\t\t\tsliderLayout:\"fullwidth\",\n\t\t\tdottedOverlay:\"none\",\n\t\t\tdelay:9000,\n\t\t\tnavigation: {\n\t\t\t\tkeyboardNavigation:\"off\",\n\t\t\t\tkeyboard_direction: \"horizontal\",\n\t\t\t\tmouseScrollNavigation:\"off\",\n \t\t\t\t\t\t\tmouseScrollReverse:\"default\",\n\t\t\t\tonHoverStop:\"off\",\n\t\t\t\ttouch:{\n\t\t\t\t\ttouchenabled:\"on\",\n\t\t\t\t\ttouchOnDesktop:\"off\",\n\t\t\t\t\tswipe_threshold: 75,\n\t\t\t\t\tswipe_min_touches: 50,\n\t\t\t\t\tswipe_direction: \"horizontal\",\n\t\t\t\t\tdrag_block_vertical: false\n\t\t\t\t}\n\t\t\t\t,\n\t\t\t\tarrows: {\n\t\t\t\t\tstyle:\"uranus\",\n\t\t\t\t\tenable:true,\n\t\t\t\t\thide_onmobile:false,\n\t\t\t\t\thide_onleave:false,\n\t\t\t\t\ttmp:'',\n\t\t\t\t\tleft: {\n\t\t\t\t\t\th_align:\"left\",\n\t\t\t\t\t\tv_align:\"center\",\n\t\t\t\t\t\th_offset:30,\n\t\t\t\t\t\tv_offset:0\n\t\t\t\t\t},\n\t\t\t\t\tright: {\n\t\t\t\t\t\th_align:\"right\",\n\t\t\t\t\t\tv_align:\"center\",\n\t\t\t\t\t\th_offset:30,\n\t\t\t\t\t\tv_offset:0\n\t\t\t\t\t}\n\t\t\t\t}\n\t\t\t},\n\t\t\tcarousel: {\n\t\t\t\thorizontal_align: \"center\",\n\t\t\t\tvertical_align: \"center\",\n\t\t\t\tfadeout: \"on\",\n\t\t\t\tvary_fade: \"on\",\n\t\t\t\tmaxVisibleItems: 3,\n\t\t\t\tinfinity: \"on\",\n\t\t\t\tspace: 0,\n\t\t\t\tstretch: \"off\",\n \t\t\t\t\t\t\tshowLayersAllTime: \"off\",\n \t\t\t\t\t\t\teasing: \"Power3.easeInOut\",\n \t\t\t\t\t\t\tspeed: \"800\"\n\t\t\t},\n\t\t\tvisibilityLevels:[1240,1024,778,480],\n\t\t\tgridwidth:533,\n\t\t\tgridheight:300,\n\t\t\tlazyType:\"smart\",\n\t\t\tshadow:0,\n\t\t\tspinner:\"off\",\n\t\t\tstopLoop:\"on\",\n\t\t\tstopAfterLoops:0,\n\t\t\tstopAtSlide:1,\n\t\t\tshuffle:\"off\",\n\t\t\tautoHeight:\"off\",\n\t\t\thideThumbsOnMobile:\"off\",\n\t\t\thideSliderAtLimit:0,\n\t\t\thideCaptionAtLimit:0,\n\t\t\thideAllCaptionAtLilmit:0,\n\t\t\tdebugMode:false,\n\t\t\tfallbacks: {\n\t\t\t\tsimplifyAll:\"off\",\n\t\t\t\tnextSlideOnWindowFocus:\"off\",\n\t\t\t\tdisableFocusListener:false,\n\t\t\t}\n\t\t});\n\t}<\/p>\n<p>});\t\/*ready*\/\n<\/script><\/p>\n<style type=\"text\/css\">.rev_slider_wrapper{margin-bottom:30px !important}.rev_slider li.tp-revslider-slidesli{opacity:1 !important}<\/style>\n<style type=\"text\/css\">#rev_slider_23_1 .uranus.tparrows{width:50px; height:50px; background:rgba(255,255,255,0)}#rev_slider_23_1 .uranus.tparrows:before{width:50px; height:50px; line-height:50px; font-size:40px; transition:all 0.3s;-webkit-transition:all 0.3s}#rev_slider_23_1 .uranus.tparrows:hover:before{opacity:0.75}<\/style>\n<\/p><\/div>\n<p><!-- END REVOLUTION SLIDER --><\/div>\n<div  class=\"one withsmallpadding ppb_text\" style=\"padding:30px 0 30px 0;background-color:#ffffff;color:#000000 !important;\" >\n<div class=\"standard_wrapper\">\n<div class=\"page_content_wrapper\">\n<div class=\"inner\">\n<div style=\"margin:auto;width:100%\">\n<p><img decoding=\"async\" loading=\"lazy\" class=\"wp-image-16366 aligncenter\" src=\"https:\/\/www.ski-tour-guide.com\/wp-content\/uploads\/2017\/10\/settings.png\" alt=\"\" width=\"50\" height=\"50\" srcset=\"https:\/\/www.ski-tour-guide.com\/wp-content\/uploads\/2017\/10\/settings.png 128w, https:\/\/www.ski-tour-guide.com\/wp-content\/uploads\/2017\/10\/settings-109x109.png 109w, https:\/\/www.ski-tour-guide.com\/wp-content\/uploads\/2017\/10\/settings-100x100.png 100w\" sizes=\"(max-width: 50px) 100vw, 50px\" \/><\/p>\n<h3 style=\"text-align: center;\">Level<\/h3>\n<p style=\"text-align: center;\">skilled skiers, able to ski off-piste everywhere and in altitude (if you don\u2019t know much about ski-touring, please ask first for our introduction course in Val d\u2019Is\u00e8re day ski-tours course)&#8230;<strong><u> This ski-tour includes A LOT OF SKIING and is accessible to any experienced ski-touring skier or off-piste skier. Need to be also compulsorily in good physical condition.\u00a0 <\/u><\/strong><\/p>\n<ul style=\"text-align: center;\">\n<li><strong>We will do a lot of skiing, much more than on the famous Chamonix-Zermatt HAUTE ROUTE!!<\/strong><\/li>\n<\/ul>\n<p style=\"text-align: center;\"><strong><u>\u00a0<\/u><\/strong>To take advantage completely of your ski-tour, we recommend strongly to practise a sports activity developing the endurance:\u00a0 walks of 20 km with minimum 400 m OR running a 1 hour x 2 or 3 times a week.<\/p>\n<\/div>\n<\/div>\n<\/div>\n<\/div>\n<\/div>\n<div  class=\"one withsmallpadding ppb_text\" style=\"padding-top: 50px !important; margin-bottom: 50px !important;padding:30px 0 30px 0;background-color:#222222;color:#ffffff !important;\" >\n<div class=\"standard_wrapper\">\n<div class=\"page_content_wrapper\">\n<div class=\"inner\">\n<div style=\"margin:auto;width:100%\">\n<h3 style=\"text-align: center;\"><img decoding=\"async\" loading=\"lazy\" class=\"wp-image-16602 aligncenter\" src=\"https:\/\/www.ski-tour-guide.com\/wp-content\/uploads\/2017\/10\/share2.png\" alt=\"\" width=\"50\" height=\"50\" srcset=\"https:\/\/www.ski-tour-guide.com\/wp-content\/uploads\/2017\/10\/share2.png 128w, https:\/\/www.ski-tour-guide.com\/wp-content\/uploads\/2017\/10\/share2-109x109.png 109w, https:\/\/www.ski-tour-guide.com\/wp-content\/uploads\/2017\/10\/share2-100x100.png 100w\" sizes=\"(max-width: 50px) 100vw, 50px\" \/><\/h3>\n<h3 style=\"text-align: center;\"><span style=\"color: #ffffff;\">Group<\/span><\/h3>\n<p style=\"text-align: center;\">4 to 7 participants \/clients minimum per group<\/p>\n<\/div>\n<\/div>\n<\/div>\n<\/div>\n<\/div>\n<div  class=\"one withsmallpadding ppb_text\" style=\"padding:30px 0 30px 0;\" >\n<div class=\"standard_wrapper\">\n<div class=\"page_content_wrapper\">\n<div class=\"inner\">\n<div style=\"margin:auto;width:100%\">\n<h3><img decoding=\"async\" loading=\"lazy\" class=\"alignnone wp-image-16368 aligncenter\" src=\"https:\/\/www.ski-tour-guide.com\/wp-content\/uploads\/2017\/10\/timer.png\" alt=\"\" width=\"50\" height=\"50\" srcset=\"https:\/\/www.ski-tour-guide.com\/wp-content\/uploads\/2017\/10\/timer.png 128w, https:\/\/www.ski-tour-guide.com\/wp-content\/uploads\/2017\/10\/timer-109x109.png 109w, https:\/\/www.ski-tour-guide.com\/wp-content\/uploads\/2017\/10\/timer-100x100.png 100w\" sizes=\"(max-width: 50px) 100vw, 50px\" \/><\/h3>\n<h3 style=\"text-align: center;\">Duration<\/h3>\n<p style=\"text-align: center;\">4 days\/3 nights (or 7 days\/ 6 nights upon demand, even better with 7 days)<\/p>\n<\/div>\n<\/div>\n<\/div>\n<\/div>\n<\/div>\n<div  class=\"one withsmallpadding ppb_text\" style=\"padding-top: 50px !important; margin-bottom: 50px !important;padding:30px 0 30px 0;background-color:#1e73be;color:#ffffff !important;\" >\n<div class=\"standard_wrapper\">\n<div class=\"page_content_wrapper\">\n<div class=\"inner\">\n<div style=\"margin:auto;width:100%\">\n<h3><img decoding=\"async\" loading=\"lazy\" class=\"wp-image-16414 aligncenter\" src=\"https:\/\/www.ski-tour-guide.com\/wp-content\/uploads\/2017\/10\/profile2.png\" alt=\"\" width=\"50\" height=\"50\" srcset=\"https:\/\/www.ski-tour-guide.com\/wp-content\/uploads\/2017\/10\/profile2.png 128w, https:\/\/www.ski-tour-guide.com\/wp-content\/uploads\/2017\/10\/profile2-109x109.png 109w, https:\/\/www.ski-tour-guide.com\/wp-content\/uploads\/2017\/10\/profile2-100x100.png 100w\" sizes=\"(max-width: 50px) 100vw, 50px\" \/><\/h3>\n<h3 style=\"text-align: center;\"><span style=\"color: #ffffff;\">Guiding by<\/span><\/h3>\n<p style=\"text-align: center;\">UIAGM mountain guide of SAVOIE-Mont Blanc<\/p>\n<\/div>\n<\/div>\n<\/div>\n<\/div>\n<\/div>\n<div  class=\"one withsmallpadding ppb_text\" style=\"padding:30px 0 30px 0;\" >\n<div class=\"standard_wrapper\">\n<div class=\"page_content_wrapper\">\n<div class=\"inner\">\n<div style=\"margin:auto;width:100%\">\n<h3><img decoding=\"async\" loading=\"lazy\" class=\"alignnone wp-image-16363 aligncenter\" src=\"https:\/\/www.ski-tour-guide.com\/wp-content\/uploads\/2017\/10\/info.png\" alt=\"\" width=\"50\" height=\"50\" srcset=\"https:\/\/www.ski-tour-guide.com\/wp-content\/uploads\/2017\/10\/info.png 128w, https:\/\/www.ski-tour-guide.com\/wp-content\/uploads\/2017\/10\/info-109x109.png 109w, https:\/\/www.ski-tour-guide.com\/wp-content\/uploads\/2017\/10\/info-100x100.png 100w\" sizes=\"(max-width: 50px) 100vw, 50px\" \/><\/h3>\n<h3 style=\"text-align: center;\">Period<\/h3>\n<p style=\"text-align: center;\"><strong>March April, until mid-MAY<br \/>\n<\/strong><strong><u>Dates<\/u><\/strong>:<strong><u> from mid-March,<\/u><\/strong> a tour every week from mid-Mars to mid-May,<\/p>\n<\/div>\n<\/div>\n<\/div>\n<\/div>\n<\/div>\n<div  class=\"one withsmallpadding ppb_text\" style=\"padding-top: 50px !important; margin-bottom: 50px !important;padding:30px 0 30px 0;background-color:#222222;color:#ffffff !important;\" >\n<div class=\"standard_wrapper\">\n<div class=\"page_content_wrapper\">\n<div class=\"inner\">\n<div style=\"margin:auto;width:100%\">\n<h3><img decoding=\"async\" loading=\"lazy\" class=\"alignnone wp-image-16362 aligncenter\" src=\"https:\/\/www.ski-tour-guide.com\/wp-content\/uploads\/2017\/10\/favorite2.png\" alt=\"\" width=\"50\" height=\"50\" \/><\/h3>\n<h3 style=\"text-align: center;\"><span style=\"color: #ffffff;\">Price<\/span><\/h3>\n<p style=\"text-align: center;\">730 euros per person (including half-board accommodation) with a minimum of 4 participants.<\/p>\n<\/div>\n<\/div>\n<\/div>\n<\/div>\n<\/div>\n<div  class=\"one withsmallpadding ppb_text\" style=\"padding:30px 0 30px 0;\" >\n<div class=\"standard_wrapper\">\n<div class=\"page_content_wrapper\">\n<div class=\"inner\">\n<div style=\"margin:auto;width:100%\">\n<h3 id=\"inscription\"><img decoding=\"async\" loading=\"lazy\" class=\"wp-image-16420 aligncenter\" src=\"https:\/\/www.ski-tour-guide.com\/wp-content\/uploads\/2017\/10\/shopping-cart.png\" alt=\"\" width=\"50\" height=\"50\" srcset=\"https:\/\/www.ski-tour-guide.com\/wp-content\/uploads\/2017\/10\/shopping-cart.png 128w, https:\/\/www.ski-tour-guide.com\/wp-content\/uploads\/2017\/10\/shopping-cart-109x109.png 109w, https:\/\/www.ski-tour-guide.com\/wp-content\/uploads\/2017\/10\/shopping-cart-100x100.png 100w\" sizes=\"(max-width: 50px) 100vw, 50px\" \/><\/h3>\n<h3 style=\"text-align: center;\">Reservation request<\/h3>\n<p style=\"text-align: center;\">\n<div role=\"form\" class=\"wpcf7\" id=\"wpcf7-f17540-o1\" lang=\"fr-FR\" dir=\"ltr\">\n<div class=\"screen-reader-response\"><\/div>\n<form action=\"\/wp-admin\/post.php#wpcf7-f17540-o1\" method=\"post\" class=\"wpcf7-form\" novalidate=\"novalidate\">\n<div style=\"display: none;\">\n<input type=\"hidden\" name=\"_wpcf7\" value=\"17540\" \/><br \/>\n<input type=\"hidden\" name=\"_wpcf7_version\" value=\"5.0.2\" \/><br \/>\n<input type=\"hidden\" name=\"_wpcf7_locale\" value=\"fr_FR\" \/><br \/>\n<input type=\"hidden\" name=\"_wpcf7_unit_tag\" value=\"wpcf7-f17540-o1\" \/><br \/>\n<input type=\"hidden\" name=\"_wpcf7_container_post\" value=\"0\" \/>\n<\/div>\n<p><!-- CF7 Modules --><\/p>\n<div style='display:none;'><input type=\"hidden\" name=\"title\" value=\"Val d\u2019Is\u00e8re PRARIOND DAY ski-tours, from \u00abthe base camp-Prariond hut\u00a0\u00bb\" class=\"wpcf7-form-control wpcf7-hidden\" \/><input type=\"hidden\" name=\"url\" value=\"https:\/\/www.ski-tour-guide.com\/en\/val-disere-prariond-day-ski-tours-from-the-base-camp-prariond-hut\/\" class=\"wpcf7-form-control wpcf7-hidden\" \/><\/div>\n<p><!-- End CF7 Modules --><\/p>\n<p style=\"text-align: center;\">You wish to make a reservation request for this product<\/p>\n<p><label> Your Name*<br \/>\n    <span class=\"wpcf7-form-control-wrap your-name\"><input type=\"text\" name=\"your-name\" value=\"\" size=\"40\" class=\"wpcf7-form-control wpcf7-text wpcf7-validates-as-required\" aria-required=\"true\" aria-invalid=\"false\" \/><\/span> <\/label><\/p>\n<p><label> Your email*<br \/>\n    <span class=\"wpcf7-form-control-wrap your-email\"><input type=\"email\" name=\"your-email\" value=\"\" size=\"40\" class=\"wpcf7-form-control wpcf7-text wpcf7-email wpcf7-validates-as-required wpcf7-validates-as-email\" aria-required=\"true\" aria-invalid=\"false\" \/><\/span> <\/label><\/p>\n<p><label> Your Phone Number*<br \/>\n    <span class=\"wpcf7-form-control-wrap your-tel\"><input type=\"tel\" name=\"your-tel\" value=\"\" size=\"40\" class=\"wpcf7-form-control wpcf7-text wpcf7-tel wpcf7-validates-as-required wpcf7-validates-as-tel\" aria-required=\"true\" aria-invalid=\"false\" \/><\/span> <\/label><\/p>\n<p><label> Your message<br \/>\n    <span class=\"wpcf7-form-control-wrap your-message\"><textarea name=\"your-message\" cols=\"40\" rows=\"10\" class=\"wpcf7-form-control wpcf7-textarea\" aria-invalid=\"false\"><\/textarea><\/span> <\/label><\/p>\n<p><input type=\"submit\" value=\"Envoyer\" class=\"wpcf7-form-control wpcf7-submit\" \/><\/p>\n<div class=\"wpcf7-response-output wpcf7-display-none\"><\/div>\n<\/form>\n<\/div>\n<\/div>\n<\/div>\n<\/div>\n<\/div>\n<\/div>\n<div  class=\"one withsmallpadding ppb_text\" style=\"padding:30px 0 30px 0;\" >\n<div class=\"standard_wrapper\">\n<div class=\"page_content_wrapper\">\n<div class=\"inner\">\n<div style=\"margin:auto;width:100%\">\n<h6 style=\"text-align: center;\"><a href=\"https:\/\/www.ski-tour-guide.com\/en\/portfolios\/ski-touring-backcountry-skiing\/\">Back to SKI-TOURING \/ BACKCOUNTRY SKIING products<\/a><\/h6>\n<\/div>\n<\/div>\n<\/div>\n<\/div>\n<\/div>\n","protected":false},"excerpt":{"rendered":"<p>\u00a0A week of great adventure skiing in glaciers background, on glaciers and peaks. This ski-tour makes you discover the remarkable glaciers and off-ski slopes of the Vanoise mountains. On skis, we will skin up and ski down some passes and [&hellip;]<\/p>\n","protected":false},"author":1,"featured_media":0,"parent":19602,"menu_order":0,"comment_status":"closed","ping_status":"closed","template":"","meta":[],"_links":{"self":[{"href":"https:\/\/www.ski-tour-guide.com\/en\/wp-json\/wp\/v2\/pages\/17495"}],"collection":[{"href":"https:\/\/www.ski-tour-guide.com\/en\/wp-json\/wp\/v2\/pages"}],"about":[{"href":"https:\/\/www.ski-tour-guide.com\/en\/wp-json\/wp\/v2\/types\/page"}],"author":[{"embeddable":true,"href":"https:\/\/www.ski-tour-guide.com\/en\/wp-json\/wp\/v2\/users\/1"}],"replies":[{"embeddable":true,"href":"https:\/\/www.ski-tour-guide.com\/en\/wp-json\/wp\/v2\/comments?post=17495"}],"version-history":[{"count":17,"href":"https:\/\/www.ski-tour-guide.com\/en\/wp-json\/wp\/v2\/pages\/17495\/revisions"}],"predecessor-version":[{"id":18675,"href":"https:\/\/www.ski-tour-guide.com\/en\/wp-json\/wp\/v2\/pages\/17495\/revisions\/18675"}],"up":[{"embeddable":true,"href":"https:\/\/www.ski-tour-guide.com\/en\/wp-json\/wp\/v2\/pages\/19602"}],"wp:attachment":[{"href":"https:\/\/www.ski-tour-guide.com\/en\/wp-json\/wp\/v2\/media?parent=17495"}],"curies":[{"name":"wp","href":"https:\/\/api.w.org\/{rel}","templated":true}]}}