{"id":17482,"date":"2017-11-01T09:28:43","date_gmt":"2017-11-01T08:28:43","guid":{"rendered":"http:\/\/www.ski-tour-guide.com\/traversee-des-glaciers-de-la-vanoise-de-val-thorens-a-champagny-mini-raid-de-4-jours-4-nuits\/"},"modified":"2025-09-08T14:18:32","modified_gmt":"2025-09-08T12:18:32","slug":"val-thorens-vanoise-a-4-day-on-glaciers-hut-to-hut-ski-tour","status":"publish","type":"page","link":"https:\/\/www.ski-tour-guide.com\/en\/ski-touring-mountain-guide-backcountry-savoie-mont-blanc\/val-thorens-vanoise-a-4-day-on-glaciers-hut-to-hut-ski-tour\/","title":{"rendered":"Val Thorens-Vanoise, a 4 day on \u00ab\u00a0glaciers\u2019 hut to hut ski-tour\u00a0\u00bb"},"content":{"rendered":"<div  class=\"one withsmallpadding ppb_text\" style=\"padding:30px 0 30px 0;\" >\n<div class=\"standard_wrapper\">\n<div class=\"page_content_wrapper\">\n<div class=\"inner\">\n<div style=\"margin:auto;width:100%\">\n<p style=\"text-align: center;\">Vanoise is probably one of the wildest and most beautiful wilderness areas in Europe. This is a 4 day on glaciers\u2019 hut to hut ski-tour To the ski tourers and mountaineers, it&rsquo;s a remote paradise!<\/p>\n<p style=\"text-align: center;\"><strong>Four days of intensive and highly rewarding ski-touring with big ascents and &lsquo;out-there&rsquo; descents, and nights in some of the most stunning huts in the Alps like the refuge Col de la Vanoise at\u00a0 the bottom of the huge highest peak called Grande Casse (alti 3852 m)!<\/strong><\/p>\n<p style=\"text-align: center;\"><strong>This tour, ideal for experienced ski tourers and mountaineers, takes place in the heart of La Vanoise and makes us cross the glaciers of the crown of the Vanoise national park. <\/strong>This is a short hut to hut ski-tour, in which we will skin up and ski some high passes and big summits of the central Vanoise range, a traverse of the central Vanoise glaciers from Val Thorens-col de G\u00e9broulaz pass, through Champagny, and back to Val Thorens through Chavi\u00e8re glacier opass.. We will ascend and ski down for example the summits of the G\u00e9broulaz pass (col) and peak, the R\u00e9chasse peak, sometimes other peaks\u2026.<\/p>\n<p style=\"text-align: center;\">\u00a0We will also enjoy the pleasure of the big off-piste skiing in virgin and protected spaces.<\/p>\n<p style=\"text-align: center;\"><strong><u>\u00a0This ski-tour includes A LOT OF SKIING and is accessible to very experienced ski-touring skiers.\u00a0 Need to be also compulsorily in good physical condition.<\/u><\/strong><\/p>\n<p style=\"text-align: center;\"><u>The key points of this week ski-tour<\/u><\/p>\n<ul>\n<li style=\"text-align: center;\"><strong>We will do a lot of skiing, <\/strong>\u00a7 A drop in the heart of the massifs of Vanoise and Gran Paradiso (4061 m), several summits and glacier passes of more than 3 000 m.in middle of magnificent panoramas of glaciers.<\/li>\n<\/ul>\n<h6 style=\"text-align: center;\"><a href=\"#inscription\">Inscription<\/a><\/h6>\n<\/div>\n<\/div>\n<\/div>\n<\/div>\n<\/div>\n<div  class=\"one withsmallpadding ppb_text\" style=\"padding:30px 0 30px 0;\" >\n<div class=\"standard_wrapper\">\n<div class=\"page_content_wrapper\">\n<div class=\"inner\">\n<div style=\"margin:auto;width:100%\">\n<p style=\"text-align: center;\">Vanoise is probably one of the wildest and most beautiful wilderness areas in Europe. This is a 4 day on glaciers\u2019 hut to hut ski-tour To the ski tourers and mountaineers, it&rsquo;s a remote paradise!<\/p>\n<p style=\"text-align: center;\"><strong>Four days of intensive and highly rewarding ski-touring with big ascents and &lsquo;out-there&rsquo; descents, and nights in some of the most stunning huts in the Alps like the refuge Col de la Vanoise at\u00a0 the bottom of the huge highest peak called Grande Casse (alti 3852 m)!<\/strong><\/p>\n<p style=\"text-align: center;\"><strong>This tour, ideal for experienced ski tourers and mountaineers, takes place in the heart of La Vanoise and makes us cross the glaciers of the crown of the Vanoise national park. <\/strong>This is a short hut to hut ski-tour, in which we will skin up and ski some high passes and big summits of the central Vanoise range, a traverse of the central Vanoise glaciers from Val Thorens-col de G\u00e9broulaz pass, through Champagny, and back to Val Thorens through Chavi\u00e8re glacier opass.. We will ascend and ski down for example the summits of the G\u00e9broulaz pass (col) and peak, the R\u00e9chasse peak, sometimes other peaks\u2026.<\/p>\n<p style=\"text-align: center;\">\u00a0We will also enjoy the pleasure of the big off-piste skiing in virgin and protected spaces.<\/p>\n<p style=\"text-align: center;\"><strong><u>\u00a0This ski-tour includes A LOT OF SKIING and is accessible to very experienced ski-touring skiers.\u00a0 Need to be also compulsorily in good physical condition.<\/u><\/strong><\/p>\n<p style=\"text-align: center;\"><u>The key points of this week ski-tour<\/u><\/p>\n<ul>\n<li style=\"text-align: center;\"><strong>We will do a lot of skiing, <\/strong>\u00a7 A drop in the heart of the massifs of Vanoise and Gran Paradiso (4061 m), several summits and glacier passes of more than 3 000 m.in middle of magnificent panoramas of glaciers.<\/li>\n<\/ul>\n<h6 style=\"text-align: center;\"><a href=\"#inscription\">Inscription<\/a><\/h6>\n<\/div>\n<\/div>\n<\/div>\n<\/div>\n<\/div>\n<div  class=\"one withsmallpadding ppb_text\" style=\"padding:30px 0 30px 0;\" >\n<div class=\"standard_wrapper\">\n<div class=\"page_content_wrapper\">\n<div class=\"inner\">\n<div style=\"margin:auto;width:100%\">\n<p><img decoding=\"async\" loading=\"lazy\" class=\"wp-image-16366 aligncenter\" src=\"https:\/\/www.ski-tour-guide.com\/wp-content\/uploads\/2017\/10\/settings.png\" alt=\"\" width=\"50\" height=\"50\" srcset=\"https:\/\/www.ski-tour-guide.com\/wp-content\/uploads\/2017\/10\/settings.png 128w, https:\/\/www.ski-tour-guide.com\/wp-content\/uploads\/2017\/10\/settings-109x109.png 109w, https:\/\/www.ski-tour-guide.com\/wp-content\/uploads\/2017\/10\/settings-100x100.png 100w\" sizes=\"(max-width: 50px) 100vw, 50px\" \/><\/p>\n<h3 style=\"text-align: center;\">Level<\/h3>\n<p style=\"text-align: center;\">Skilled skiers used to ski-touring &#038; able to ski off piste everywhere with a rucksack, even in altitude<\/p>\n<p style=\"text-align: center;\"><strong><u>Need to be also compulsorily in good physical condition<\/u><\/strong><\/p>\n<p style=\"text-align: center;\">To take advantage completely of your ski-tour, we recommend strongly to practise a sports activity developing the endurance:\u00a0 walks of 20 km with minimum 400 m OR running for one hour x 2 or 3 times a week.<\/p>\n<\/div>\n<\/div>\n<\/div>\n<\/div>\n<\/div>\n<div  class=\"one withsmallpadding ppb_text\" style=\"padding:30px 0 30px 0;\" >\n<div class=\"standard_wrapper\">\n<div class=\"page_content_wrapper\">\n<div class=\"inner\">\n<div style=\"margin:auto;width:100%\">\n<p><img decoding=\"async\" loading=\"lazy\" class=\"aligncenter wp-image-16602\" src=\"https:\/\/www.ski-tour-guide.com\/wp-content\/uploads\/2017\/10\/share2.png\" alt=\"\" width=\"50\" height=\"50\" srcset=\"https:\/\/www.ski-tour-guide.com\/wp-content\/uploads\/2017\/10\/share2.png 128w, https:\/\/www.ski-tour-guide.com\/wp-content\/uploads\/2017\/10\/share2-109x109.png 109w, https:\/\/www.ski-tour-guide.com\/wp-content\/uploads\/2017\/10\/share2-100x100.png 100w\" sizes=\"(max-width: 50px) 100vw, 50px\" \/><\/p>\n<h3 style=\"text-align: center;\"><span style=\"color: #ffffff;\">Group<\/span><\/h3>\n<p style=\"text-align: center;\">5 to 7 participants \/5 persons\/ clients minimum per group<\/p>\n<\/div>\n<\/div>\n<\/div>\n<\/div>\n<\/div>\n<div  class=\"one withsmallpadding ppb_text\" style=\"padding:30px 0 30px 0;\" >\n<div class=\"standard_wrapper\">\n<div class=\"page_content_wrapper\">\n<div class=\"inner\">\n<div style=\"margin:auto;width:100%\">\n<h3><img decoding=\"async\" loading=\"lazy\" class=\"alignnone wp-image-16368 aligncenter\" src=\"https:\/\/www.ski-tour-guide.com\/wp-content\/uploads\/2017\/10\/timer.png\" alt=\"\" width=\"50\" height=\"50\" srcset=\"https:\/\/www.ski-tour-guide.com\/wp-content\/uploads\/2017\/10\/timer.png 128w, https:\/\/www.ski-tour-guide.com\/wp-content\/uploads\/2017\/10\/timer-109x109.png 109w, https:\/\/www.ski-tour-guide.com\/wp-content\/uploads\/2017\/10\/timer-100x100.png 100w\" sizes=\"(max-width: 50px) 100vw, 50px\" \/><\/h3>\n<h3 style=\"text-align: center;\">Duration<\/h3>\n<p style=\"text-align: center;\">4 days\/ 4 nights (or 7 days\/ 6nights upon demand, even better with 7 days)<\/p>\n<\/div>\n<\/div>\n<\/div>\n<\/div>\n<\/div>\n<div  class=\"one withsmallpadding ppb_text\" style=\"padding:30px 0 30px 0;\" >\n<div class=\"standard_wrapper\">\n<div class=\"page_content_wrapper\">\n<div class=\"inner\">\n<div style=\"margin:auto;width:100%\">\n<h3><img decoding=\"async\" loading=\"lazy\" class=\"wp-image-16414 aligncenter\" src=\"https:\/\/www.ski-tour-guide.com\/wp-content\/uploads\/2017\/10\/profile2.png\" alt=\"\" width=\"50\" height=\"50\" srcset=\"https:\/\/www.ski-tour-guide.com\/wp-content\/uploads\/2017\/10\/profile2.png 128w, https:\/\/www.ski-tour-guide.com\/wp-content\/uploads\/2017\/10\/profile2-109x109.png 109w, https:\/\/www.ski-tour-guide.com\/wp-content\/uploads\/2017\/10\/profile2-100x100.png 100w\" sizes=\"(max-width: 50px) 100vw, 50px\" \/><\/h3>\n<h3 style=\"text-align: center;\"><span style=\"color: #ffffff;\">Guiding by<\/span><\/h3>\n<p style=\"text-align: center;\">UIAGM mountain guide.<br \/>\nOften guided by an UIAGM mountain guide of SAVOIE-Mont Blanc<\/p>\n<\/div>\n<\/div>\n<\/div>\n<\/div>\n<\/div>\n<div  class=\"one withsmallpadding ppb_text\" style=\"padding:30px 0 30px 0;\" >\n<div class=\"standard_wrapper\">\n<div class=\"page_content_wrapper\">\n<div class=\"inner\">\n<div style=\"margin:auto;width:100%\">\n<h3><img decoding=\"async\" loading=\"lazy\" class=\"alignnone wp-image-16363 aligncenter\" src=\"https:\/\/www.ski-tour-guide.com\/wp-content\/uploads\/2017\/10\/info.png\" alt=\"\" width=\"50\" height=\"50\" srcset=\"https:\/\/www.ski-tour-guide.com\/wp-content\/uploads\/2017\/10\/info.png 128w, https:\/\/www.ski-tour-guide.com\/wp-content\/uploads\/2017\/10\/info-109x109.png 109w, https:\/\/www.ski-tour-guide.com\/wp-content\/uploads\/2017\/10\/info-100x100.png 100w\" sizes=\"(max-width: 50px) 100vw, 50px\" \/><\/h3>\n<h3 style=\"text-align: center;\">Period<\/h3>\n<p style=\"text-align: center;\"><strong><u>March, April, until mid-MAY<br \/>\n<\/u><\/strong><strong><u>Dates<\/u><\/strong>: a tour every week from mid-Mars to mid-May,<\/p>\n<\/div>\n<\/div>\n<\/div>\n<\/div>\n<\/div>\n<div  class=\"one withsmallpadding ppb_text\" style=\"padding:30px 0 30px 0;\" >\n<div class=\"standard_wrapper\">\n<div class=\"page_content_wrapper\">\n<div class=\"inner\">\n<div style=\"margin:auto;width:100%\">\n<h3><img decoding=\"async\" loading=\"lazy\" class=\"alignnone wp-image-16362 aligncenter\" src=\"https:\/\/www.ski-tour-guide.com\/wp-content\/uploads\/2017\/10\/favorite2.png\" alt=\"\" width=\"50\" height=\"50\" \/><\/h3>\n<h3 style=\"text-align: center;\"><span style=\"color: #ffffff;\">Price<\/span><\/h3>\n<p style=\"text-align: center;\">1090 euros per person (including half-board accommodation for a 4 day-3 night tour) with a minimum of 4 participants\/clients per group<\/p>\n<p style=\"text-align: center;\"><strong><u>We will provide and lend you: DVA transceivers, shovels, pprobes, harnesses (and walking crampons for going down the ridge).<\/u><\/strong><\/p>\n<p style=\"text-align: center;\"><strong><u>Our price includes only<\/u><\/strong><strong>: guiding-ski coaching, the loan of collective safety gear like a DVA transceiver for each of you, an a shovel for every 2 persons, plus a probe.<\/strong><\/p>\n<p style=\"text-align: center;\"><strong>Doesn\u2019t include: skis and personal gear rental, the insurance (R.C. + rescue), the possible fares in taxis,Ski-passes (if any needed), and gear\/skis rental at your own expenses<\/strong><\/p>\n<\/div>\n<\/div>\n<\/div>\n<\/div>\n<\/div>\n<div  class=\"one withsmallpadding ppb_text\" style=\"padding:30px 0 30px 0;\" >\n<div class=\"standard_wrapper\">\n<div class=\"page_content_wrapper\">\n<div class=\"inner\">\n<div style=\"margin:auto;width:100%\">\n<h3 id=\"inscription\"><img decoding=\"async\" loading=\"lazy\" class=\"wp-image-16420 aligncenter\" src=\"https:\/\/www.ski-tour-guide.com\/wp-content\/uploads\/2017\/10\/shopping-cart.png\" alt=\"\" width=\"50\" height=\"50\" srcset=\"https:\/\/www.ski-tour-guide.com\/wp-content\/uploads\/2017\/10\/shopping-cart.png 128w, https:\/\/www.ski-tour-guide.com\/wp-content\/uploads\/2017\/10\/shopping-cart-109x109.png 109w, https:\/\/www.ski-tour-guide.com\/wp-content\/uploads\/2017\/10\/shopping-cart-100x100.png 100w\" sizes=\"(max-width: 50px) 100vw, 50px\" \/><\/h3>\n<h3 style=\"text-align: center;\">Reservation request<\/h3>\n<p style=\"text-align: center;\">\n<div class=\"wpcf7 no-js\" id=\"wpcf7-f17540-o2\" lang=\"fr-FR\" dir=\"ltr\">\n<div class=\"screen-reader-response\">\n<p role=\"status\" aria-live=\"polite\" aria-atomic=\"true\">\n<ul><\/ul>\n<\/div>\n<form action=\"\/wp-admin\/post.php#wpcf7-f17540-o2\" method=\"post\" class=\"wpcf7-form init\" aria-label=\"Formulaire de contact\" novalidate=\"novalidate\" data-status=\"init\">\n<div style=\"display: none;\">\n<input type=\"hidden\" name=\"_wpcf7\" value=\"17540\" \/><br \/>\n<input type=\"hidden\" name=\"_wpcf7_version\" value=\"5.8.2\" \/><br \/>\n<input type=\"hidden\" name=\"_wpcf7_locale\" value=\"fr_FR\" \/><br \/>\n<input type=\"hidden\" name=\"_wpcf7_unit_tag\" value=\"wpcf7-f17540-o2\" \/><br \/>\n<input type=\"hidden\" name=\"_wpcf7_container_post\" value=\"0\" \/><br \/>\n<input type=\"hidden\" name=\"_wpcf7_posted_data_hash\" value=\"\" \/>\n<\/div>\n<p><!-- CF7 Modules --><\/p>\n<div style='display:none;'><input type=\"hidden\" class=\"wpcf7-form-control wpcf7-hidden\" name=\"title\" placeholder=\"\" value=\"Val Thorens-Vanoise, a 4 day on \u00ab\u00a0glaciers\u2019 hut to hut ski-tour\u00a0\u00bb\" \/><input type=\"hidden\" class=\"wpcf7-form-control wpcf7-hidden\" name=\"url\" placeholder=\"\" value=\"https:\/\/www.ski-tour-guide.com\/en\/ski-touring-mountain-guide-backcountry-savoie-mont-blanc\/val-thorens-vanoise-a-4-day-on-glaciers-hut-to-hut-ski-tour\/\" \/>\n<\/div>\n<p><!-- End CF7 Modules --><\/p>\n<p style=\"text-align: center;\">You wish to make a reservation request for this product\n<\/p>\n<p><label> Your Name*<br \/>\n<span class=\"wpcf7-form-control-wrap\" data-name=\"your-name\"><input size=\"40\" class=\"wpcf7-form-control wpcf7-text wpcf7-validates-as-required\" aria-required=\"true\" aria-invalid=\"false\" value=\"\" type=\"text\" name=\"your-name\" \/><\/span> <\/label>\n<\/p>\n<p><label> Your email*<br \/>\n<span class=\"wpcf7-form-control-wrap\" data-name=\"your-email\"><input size=\"40\" class=\"wpcf7-form-control wpcf7-email wpcf7-validates-as-required wpcf7-text wpcf7-validates-as-email\" aria-required=\"true\" aria-invalid=\"false\" value=\"\" type=\"email\" name=\"your-email\" \/><\/span> <\/label>\n<\/p>\n<p><label> Your Phone Number*<br \/>\n<span class=\"wpcf7-form-control-wrap\" data-name=\"your-tel\"><input size=\"40\" class=\"wpcf7-form-control wpcf7-tel wpcf7-validates-as-required wpcf7-text wpcf7-validates-as-tel\" aria-required=\"true\" aria-invalid=\"false\" value=\"\" type=\"tel\" name=\"your-tel\" \/><\/span> <\/label>\n<\/p>\n<p><label> Your message<br \/>\n<span class=\"wpcf7-form-control-wrap\" data-name=\"your-message\"><textarea cols=\"40\" rows=\"10\" class=\"wpcf7-form-control wpcf7-textarea\" aria-invalid=\"false\" name=\"your-message\"><\/textarea><\/span> <\/label>\n<\/p>\n<p><input class=\"wpcf7-form-control wpcf7-submit has-spinner\" type=\"submit\" value=\"Envoyer\" \/>\n<\/p>\n<div class=\"wpcf7-response-output\" aria-hidden=\"true\"><\/div>\n<\/form>\n<\/div>\n<\/div>\n<\/div>\n<\/div>\n<\/div>\n<\/div>\n<div  class=\"one withsmallpadding ppb_text\" style=\"padding:30px 0 30px 0;\" >\n<div class=\"standard_wrapper\">\n<div class=\"page_content_wrapper\">\n<div class=\"inner\">\n<div style=\"margin:auto;width:100%\">\n<h6 style=\"text-align: center;\"><a href=\"https:\/\/www.ski-tour-guide.com\/en\/portfolios\/ski-touring-backcountry-skiing\/\">Back to SKI-TOURING \/ BACKCOUNTRY SKIING products<\/a><\/h6>\n<\/div>\n<\/div>\n<\/div>\n<\/div>\n<\/div>\n","protected":false},"excerpt":{"rendered":"<p>Vanoise is probably one of the wildest and most beautiful wilderness areas in Europe. This is a 4 day on glaciers\u2019 hut to hut ski-tour To the ski tourers and mountaineers, it&rsquo;s a remote paradise! Four days of intensive and [&hellip;]<\/p>\n","protected":false},"author":1,"featured_media":0,"parent":19602,"menu_order":0,"comment_status":"closed","ping_status":"closed","template":"","meta":[],"_links":{"self":[{"href":"https:\/\/www.ski-tour-guide.com\/en\/wp-json\/wp\/v2\/pages\/17482"}],"collection":[{"href":"https:\/\/www.ski-tour-guide.com\/en\/wp-json\/wp\/v2\/pages"}],"about":[{"href":"https:\/\/www.ski-tour-guide.com\/en\/wp-json\/wp\/v2\/types\/page"}],"author":[{"embeddable":true,"href":"https:\/\/www.ski-tour-guide.com\/en\/wp-json\/wp\/v2\/users\/1"}],"replies":[{"embeddable":true,"href":"https:\/\/www.ski-tour-guide.com\/en\/wp-json\/wp\/v2\/comments?post=17482"}],"version-history":[{"count":15,"href":"https:\/\/www.ski-tour-guide.com\/en\/wp-json\/wp\/v2\/pages\/17482\/revisions"}],"predecessor-version":[{"id":22145,"href":"https:\/\/www.ski-tour-guide.com\/en\/wp-json\/wp\/v2\/pages\/17482\/revisions\/22145"}],"up":[{"embeddable":true,"href":"https:\/\/www.ski-tour-guide.com\/en\/wp-json\/wp\/v2\/pages\/19602"}],"wp:attachment":[{"href":"https:\/\/www.ski-tour-guide.com\/en\/wp-json\/wp\/v2\/media?parent=17482"}],"curies":[{"name":"wp","href":"https:\/\/api.w.org\/{rel}","templated":true}]}}